{"id":116,"date":"2022-03-10T01:42:13","date_gmt":"2022-03-10T00:42:13","guid":{"rendered":"https:\/\/lumen-aquatech.com\/?post_type=product&#038;p=116"},"modified":"2023-11-05T18:15:29","modified_gmt":"2023-11-05T17:15:29","slug":"lumen-led-wifi-bluetooth-controller","status":"publish","type":"product","link":"https:\/\/lumen-aquatech.com\/hu\/termek\/lumen-led-wifi-bluetooth-controller\/","title":{"rendered":"Lumen LED WiFi \/ Bluetooth Controller"},"content":{"rendered":"","protected":false},"excerpt":{"rendered":"<p>4 csatorn\u00e1s vez\u00e9rl\u0151 az akv\u00e1rium vil\u00e1g\u00edt\u00e1sunkhoz, k\u00fcl\u00f6n megv\u00e1s\u00e1rolhat\u00f3. Lehet\u0151v\u00e9 teszi, hogy okostelefonj\u00e1r\u00f3l teljes m\u00e9rt\u00e9kben kezelje a vil\u00e1g\u00edt\u00e1s sz\u00edn\u00e9t \u00e9s f\u00e9nyerej\u00e9t, valamint automatiz\u00e1ci\u00f3kat \u00e9s \u00e1ll\u00edthat be.<\/p>","protected":false},"featured_media":117,"template":"","meta":[],"product_brand":[],"product_cat":[33],"product_tag":[],"class_list":{"0":"post-116","1":"product","2":"type-product","3":"status-publish","4":"has-post-thumbnail","6":"product_cat-aquarium-lighting","7":"product_shipping_class-led-controller","9":"first","10":"instock","11":"shipping-taxable","12":"purchasable","13":"product-type-simple"},"_links":{"self":[{"href":"https:\/\/lumen-aquatech.com\/hu\/wp-json\/wp\/v2\/product\/116","targetHints":{"allow":["GET"]}}],"collection":[{"href":"https:\/\/lumen-aquatech.com\/hu\/wp-json\/wp\/v2\/product"}],"about":[{"href":"https:\/\/lumen-aquatech.com\/hu\/wp-json\/wp\/v2\/types\/product"}],"wp:featuredmedia":[{"embeddable":true,"href":"https:\/\/lumen-aquatech.com\/hu\/wp-json\/wp\/v2\/media\/117"}],"wp:attachment":[{"href":"https:\/\/lumen-aquatech.com\/hu\/wp-json\/wp\/v2\/media?parent=116"}],"wp:term":[{"taxonomy":"product_brand","embeddable":true,"href":"https:\/\/lumen-aquatech.com\/hu\/wp-json\/wp\/v2\/product_brand?post=116"},{"taxonomy":"product_cat","embeddable":true,"href":"https:\/\/lumen-aquatech.com\/hu\/wp-json\/wp\/v2\/product_cat?post=116"},{"taxonomy":"product_tag","embeddable":true,"href":"https:\/\/lumen-aquatech.com\/hu\/wp-json\/wp\/v2\/product_tag?post=116"}],"curies":[{"name":"wp","href":"https:\/\/api.w.org\/{rel}","templated":true}]}}