{"id":120,"date":"2022-03-10T22:52:57","date_gmt":"2022-03-10T21:52:57","guid":{"rendered":"https:\/\/lumen-aquatech.com\/?post_type=product&#038;p=120"},"modified":"2022-08-22T15:08:44","modified_gmt":"2022-08-22T13:08:44","slug":"masterline-all-in-one-golden-500ml","status":"publish","type":"product","link":"https:\/\/lumen-aquatech.com\/hu\/termek\/masterline-all-in-one-golden-500ml\/","title":{"rendered":"MasterLine All In One Golden (500ml)"},"content":{"rendered":"<p><strong>Tartalom:<\/strong> 0.81% N, 0.20% P, 2.25% K, 0.6% Mg, 0.27% Fe, 0.07% Mn, 0.05% Zn, 0.04% B, 0.009% Cu, 0.006% Mo<\/p>\n<p>Javasoljuk a MasterLine All ln One Golden \u00e9s a MasterLine Carbo egy\u00fcttes haszn\u00e1lat\u00e1t. \u00cdgy a n\u00f6v\u00e9nyek megkapj\u00e1k az eg\u00e9szs\u00e9ges n\u00f6veked\u00e9shez sz\u00fcks\u00e9ges \u00f6sszes t\u00e1panyagot.<\/p>\n<p>Ker\u00fclje az UV-l\u00e1mp\u00e1k haszn\u00e1lat\u00e1t, mivel ezek hozz\u00e1j\u00e1rulnak az oldatban tal\u00e1lhat\u00f3 elemek roml\u00e1s\u00e1hoz.<\/p>\n<p>Ne nyelje le, \u00e9s tartsa gyermekekt\u0151l elz\u00e1rva. Tartsa a term\u00e9ket sz\u00e1raz, h\u0171v\u00f6s helyen, f\u00e9nyt\u0151l t\u00e1vol.<\/p>\n<p><strong>Adagol\u00e1s:<\/strong> 1 ml napi 30 literre<br \/>\n1 ml 30 literre 1,20 ppm NO3-t, 0,2 ppm PO4-et, 0,75 ppm K-t, 0,2 ppm Mg-t, 0,09 ppm Fe-t ad hozz\u00e1<\/p>\n<p>Rom\u00e1ni\u00e1ban gy\u00e1rtva, akvarisztika ir\u00e1nti szenved\u00e9lyb\u0151l.<\/p>\n<h3><strong>Tudta-e?<\/strong><\/h3>\n<p>Minden MasterLine term\u00e9k ugyanazt az adagol\u00e1st alkalmazza:<\/p>\n<ul>\n<li>1 ml \/ 30 liter naponta, vagy<\/li>\n<li>7 ml \/ 30 liter hetente<\/li>\n<\/ul>","protected":false},"excerpt":{"rendered":"<p>Az All ln One Golden egy kiv\u00e1l\u00f3 tr\u00e1gy\u00e1z\u00e1si formula, amely t\u00f6bbf\u00e9le form\u00e1ban jelen l\u00e9v\u0151 elemeket tartalmaz, k\u00f6nnyen asszimil\u00e1lhat\u00f3k. Csak CO2 hozz\u00e1ad\u00e1s\u00fa akv\u00e1riumokban haszn\u00e1lj\u00e1k, \u00e9s csak naponta adagolj\u00e1k.<\/p>\n<p>Az All ln One Golden hozz\u00e1j\u00e1rul az eg\u00e9szs\u00e9gesebb gy\u00f6k\u00e9rzethez, a vastagabb levelekhez \u00e9s sz\u00e1rakhoz, valamint a vastagabb level\u0171 n\u00f6v\u00e9nyek k\u00f6nnyebb alkalmazkod\u00e1s\u00e1hoz.<\/p>","protected":false},"featured_media":121,"template":"","meta":[],"product_brand":[],"product_cat":[47],"product_tag":[],"class_list":{"0":"post-120","1":"product","2":"type-product","3":"status-publish","4":"has-post-thumbnail","6":"product_cat-fertilizers","8":"first","9":"instock","10":"shipping-taxable","11":"product-type-simple"},"_links":{"self":[{"href":"https:\/\/lumen-aquatech.com\/hu\/wp-json\/wp\/v2\/product\/120","targetHints":{"allow":["GET"]}}],"collection":[{"href":"https:\/\/lumen-aquatech.com\/hu\/wp-json\/wp\/v2\/product"}],"about":[{"href":"https:\/\/lumen-aquatech.com\/hu\/wp-json\/wp\/v2\/types\/product"}],"wp:featuredmedia":[{"embeddable":true,"href":"https:\/\/lumen-aquatech.com\/hu\/wp-json\/wp\/v2\/media\/121"}],"wp:attachment":[{"href":"https:\/\/lumen-aquatech.com\/hu\/wp-json\/wp\/v2\/media?parent=120"}],"wp:term":[{"taxonomy":"product_brand","embeddable":true,"href":"https:\/\/lumen-aquatech.com\/hu\/wp-json\/wp\/v2\/product_brand?post=120"},{"taxonomy":"product_cat","embeddable":true,"href":"https:\/\/lumen-aquatech.com\/hu\/wp-json\/wp\/v2\/product_cat?post=120"},{"taxonomy":"product_tag","embeddable":true,"href":"https:\/\/lumen-aquatech.com\/hu\/wp-json\/wp\/v2\/product_tag?post=120"}],"curies":[{"name":"wp","href":"https:\/\/api.w.org\/{rel}","templated":true}]}}