{"id":126,"date":"2022-03-10T23:00:56","date_gmt":"2022-03-10T22:00:56","guid":{"rendered":"https:\/\/lumen-aquatech.com\/?post_type=product&#038;p=126"},"modified":"2025-02-06T07:52:54","modified_gmt":"2025-02-06T06:52:54","slug":"masterline-all-in-one-soil-1000ml","status":"publish","type":"product","link":"https:\/\/lumen-aquatech.com\/hu\/termek\/masterline-all-in-one-soil-1000ml\/","title":{"rendered":"MasterLine All In One Soil (1000ml)"},"content":{"rendered":"<p><strong>Tartalom:<\/strong> 0.27% N, 0.1% P, 1.5% K, 0.12% Mg, 0.09% Fe, 0.023% Mn, 0.016% Zn, 0.013% B, 0.003% Cu, 0.002% Mo<\/p>\n<p>Javasoljuk a MasterLine All ln One Soil \u00e9s a MasterLine Carbo egy\u00fcttes haszn\u00e1lat\u00e1t. \u00cdgy a n\u00f6v\u00e9nyek megkapj\u00e1k az eg\u00e9szs\u00e9ges n\u00f6veked\u00e9shez sz\u00fcks\u00e9ges \u00f6sszes t\u00e1panyagot. Ker\u00fclje az UV-l\u00e1mp\u00e1k haszn\u00e1lat\u00e1t, mivel ezek hozz\u00e1j\u00e1rulnak az oldatban tal\u00e1lhat\u00f3 elemek roml\u00e1s\u00e1hoz.<\/p>\n<p>Ne nyelje le, \u00e9s tartsa gyermekekt\u0151l elz\u00e1rva. Tartsa a term\u00e9ket sz\u00e1raz, h\u0171v\u00f6s helyen, f\u00e9nyt\u0151l t\u00e1vol.<\/p>\n<p><strong>Adagol\u00e1s:<\/strong> 1 ml napi 30 literre<br \/>\n1 ml for 30 liters adds 0.4 ppm NO3, 0.1 ppm PO4, 0.5 ppm K, 0.04 ppm Mg, 0.03 ppm Fe<\/p>\n<p>Rom\u00e1ni\u00e1ban gy\u00e1rtva, akvarisztika ir\u00e1nti szenved\u00e9lyb\u0151l.<\/p>\n<h3><strong>Tudta-e?<\/strong><\/h3>\n<p>Minden MasterLine term\u00e9k ugyanazt az adagol\u00e1st alkalmazza:<\/p>\n<ul>\n<li>1 ml \/ 30 liter naponta, vagy<\/li>\n<li>7 ml \/ 30 liter hetente<\/li>\n<\/ul>","protected":false},"excerpt":{"rendered":"<p>Az All ln One Soil olyan tr\u00e1gy\u00e1z\u00e1si k\u00e9plet, amelyet csak olyan akv\u00e1riumok sz\u00e1m\u00e1ra sz\u00e1nnak, amelyek akt\u00edv talajt haszn\u00e1lnak az aquasoil kateg\u00f3ri\u00e1ban. Csak CO2 hozz\u00e1ad\u00e1s\u00fa akv\u00e1riumokban haszn\u00e1lj\u00e1k, \u00e9s csak naponta adagolj\u00e1k.<\/p>\n<p>Az All ln One Soil lassabb n\u00f6veked\u00e9si sebess\u00e9get \u00e9s nagyobb stabilit\u00e1st k\u00edn\u00e1l, ami a n\u00f6v\u00e9nyek t\u00e1pl\u00e1l\u00e9k\u00e1t jobban a talajban tal\u00e1lhat\u00f3 t\u00e1panyagokkal t\u00e1pl\u00e1lja.<\/p>","protected":false},"featured_media":127,"template":"","meta":[],"product_brand":[],"product_cat":[47],"product_tag":[],"class_list":{"0":"post-126","1":"product","2":"type-product","3":"status-publish","4":"has-post-thumbnail","6":"product_cat-fertilizers","8":"first","9":"outofstock","10":"shipping-taxable","11":"product-type-simple"},"_links":{"self":[{"href":"https:\/\/lumen-aquatech.com\/hu\/wp-json\/wp\/v2\/product\/126","targetHints":{"allow":["GET"]}}],"collection":[{"href":"https:\/\/lumen-aquatech.com\/hu\/wp-json\/wp\/v2\/product"}],"about":[{"href":"https:\/\/lumen-aquatech.com\/hu\/wp-json\/wp\/v2\/types\/product"}],"wp:featuredmedia":[{"embeddable":true,"href":"https:\/\/lumen-aquatech.com\/hu\/wp-json\/wp\/v2\/media\/127"}],"wp:attachment":[{"href":"https:\/\/lumen-aquatech.com\/hu\/wp-json\/wp\/v2\/media?parent=126"}],"wp:term":[{"taxonomy":"product_brand","embeddable":true,"href":"https:\/\/lumen-aquatech.com\/hu\/wp-json\/wp\/v2\/product_brand?post=126"},{"taxonomy":"product_cat","embeddable":true,"href":"https:\/\/lumen-aquatech.com\/hu\/wp-json\/wp\/v2\/product_cat?post=126"},{"taxonomy":"product_tag","embeddable":true,"href":"https:\/\/lumen-aquatech.com\/hu\/wp-json\/wp\/v2\/product_tag?post=126"}],"curies":[{"name":"wp","href":"https:\/\/api.w.org\/{rel}","templated":true}]}}