{"id":151,"date":"2022-03-09T15:50:15","date_gmt":"2022-03-09T14:50:15","guid":{"rendered":"https:\/\/lumen-aquatech.com\/?post_type=product&#038;p=151"},"modified":"2025-11-24T12:51:37","modified_gmt":"2025-11-24T11:51:37","slug":"lrw165","status":"publish","type":"product","link":"https:\/\/lumen-aquatech.com\/hu\/termek\/lrw165\/","title":{"rendered":"Lumen Light for Aquascaping (LRW 165)"},"content":{"rendered":"","protected":false},"excerpt":{"rendered":"<blockquote><p>\u00daj WRGB LED akv\u00e1rium vil\u00e1g\u00edt\u00e1s, amely teljes f\u00e9nyspektrummal rendelkezik, az \u00e9l\u0151vil\u00e1g gazdag \u00e9s \u00e9l\u00e9nk sz\u00edneit kiemelve.\nA teljes f\u00e9nyspektrumnak \u00e9s hull\u00e1mhosszak sz\u00e9les sk\u00e1l\u00e1j\u00e1nak k\u00f6sz\u00f6nhet\u0151en (400nm - 700nm), LED vil\u00e1g\u00edt\u00e1sunk optim\u00e1lis f\u00e9nyforr\u00e1st biztos\u00edt a n\u00f6v\u00e9nyek fejl\u0151d\u00e9s\u00e9hez.<\/p><\/blockquote>\n<p><strong>For detailed technical parameters (and exact price) of each version (dimension) of the light unit, please pick the dimension of the lamp, as well as wether you&#8217;d like it with or without a controller.<\/strong><\/p>","protected":false},"featured_media":165,"template":"","meta":[],"product_brand":[],"product_cat":[33],"product_tag":[],"class_list":{"0":"post-151","1":"product","2":"type-product","3":"status-publish","4":"has-post-thumbnail","6":"product_cat-aquarium-lighting","8":"first","9":"instock","10":"sale","11":"shipping-taxable","12":"purchasable","13":"product-type-variable"},"_links":{"self":[{"href":"https:\/\/lumen-aquatech.com\/hu\/wp-json\/wp\/v2\/product\/151","targetHints":{"allow":["GET"]}}],"collection":[{"href":"https:\/\/lumen-aquatech.com\/hu\/wp-json\/wp\/v2\/product"}],"about":[{"href":"https:\/\/lumen-aquatech.com\/hu\/wp-json\/wp\/v2\/types\/product"}],"wp:featuredmedia":[{"embeddable":true,"href":"https:\/\/lumen-aquatech.com\/hu\/wp-json\/wp\/v2\/media\/165"}],"wp:attachment":[{"href":"https:\/\/lumen-aquatech.com\/hu\/wp-json\/wp\/v2\/media?parent=151"}],"wp:term":[{"taxonomy":"product_brand","embeddable":true,"href":"https:\/\/lumen-aquatech.com\/hu\/wp-json\/wp\/v2\/product_brand?post=151"},{"taxonomy":"product_cat","embeddable":true,"href":"https:\/\/lumen-aquatech.com\/hu\/wp-json\/wp\/v2\/product_cat?post=151"},{"taxonomy":"product_tag","embeddable":true,"href":"https:\/\/lumen-aquatech.com\/hu\/wp-json\/wp\/v2\/product_tag?post=151"}],"curies":[{"name":"wp","href":"https:\/\/api.w.org\/{rel}","templated":true}]}}