{"id":200,"date":"2022-03-23T00:15:59","date_gmt":"2022-03-22T23:15:59","guid":{"rendered":"https:\/\/lumen-aquatech.com\/?post_type=product&#038;p=200"},"modified":"2022-08-22T15:04:09","modified_gmt":"2022-08-22T13:04:09","slug":"masterline-i-micro-1000ml","status":"publish","type":"product","link":"https:\/\/lumen-aquatech.com\/hu\/termek\/masterline-i-micro-1000ml\/","title":{"rendered":"MasterLine I Micro (1000ml)"},"content":{"rendered":"<p><strong>Tartalom:<\/strong> 0.27% Fe, 0.07% Mn, 0.05% Zn, 0.04% B, 0.009% Cu, 0.006% Mo<\/p>\n<p>Javasoljuk, hogy a MasterLine I-et haszn\u00e1lja a MasterLine II-vel \u00e9s a MasterLine Carbo-val egy\u00fctt. \u00cdgy a n\u00f6v\u00e9nyek megkapj\u00e1k az eg\u00e9szs\u00e9ges n\u00f6veked\u00e9shez sz\u00fcks\u00e9ges \u00f6sszes t\u00e1panyagot. A kiv\u00e1l\u00f3 min\u0151s\u00e9g\u0171 kel\u00e1tk\u00e9pz\u0151 anyagok miatt a MasterLine I elemei sok\u00e1ig meg\u0151rzik tulajdons\u00e1gaikat.<\/p>\n<p>Ne nyelje le, \u00e9s tartsa gyermekekt\u0151l elz\u00e1rva. Tartsa a term\u00e9ket sz\u00e1raz, h\u0171v\u00f6s helyen, f\u00e9nyt\u0151l t\u00e1vol.<\/p>\n<p><strong>Adagol\u00e1s:<\/strong> 1 ml 30 literre naponta, vagy 7 ml 30 literre hetente<br \/>\n1 ml 30 literre 0,09 ppm Fe-t ad hozz\u00e1<\/p>\n<p>A szok\u00e1sos javasolt adag a legt\u00f6bb esetben elegend\u0151.<\/p>\n<p>Rom\u00e1ni\u00e1ban gy\u00e1rtva, akvarisztika ir\u00e1nti szenved\u00e9lyb\u0151l.<\/p>\n<h3><strong>Tudta-e?<\/strong><\/h3>\n<p>Minden MasterLine term\u00e9k ugyanazt az adagol\u00e1st alkalmazza:<\/p>\n<ul>\n<li>1 ml \/ 30 liter naponta, vagy<\/li>\n<li>7 ml \/ 30 liter hetente<\/li>\n<\/ul>","protected":false},"excerpt":{"rendered":"<p>A Masterline I egy mikroelemekben gazdag koncentr\u00e1lt t\u00e1poldat vizin\u00f6v\u00e9nyek sz\u00e1m\u00e1ra. Tartalmaz vasat, mang\u00e1nt, cinket, b\u00f3rt, rezet \u00e9s molibd\u00e9nt. Seg\u00edt megel\u0151zni a vashi\u00e1ny t\u00fcneteit (amit\u0151l halv\u00e1ny sz\u00edn\u0171ek az \u00faj levelek). Ker\u00fclje az UV l\u00e1mp\u00e1k haszn\u00e1lat\u00e1t.<\/p>","protected":false},"featured_media":185,"template":"","meta":[],"product_brand":[],"product_cat":[47],"product_tag":[],"class_list":{"0":"post-200","1":"product","2":"type-product","3":"status-publish","4":"has-post-thumbnail","6":"product_cat-fertilizers","8":"first","9":"instock","10":"shipping-taxable","11":"product-type-simple"},"_links":{"self":[{"href":"https:\/\/lumen-aquatech.com\/hu\/wp-json\/wp\/v2\/product\/200","targetHints":{"allow":["GET"]}}],"collection":[{"href":"https:\/\/lumen-aquatech.com\/hu\/wp-json\/wp\/v2\/product"}],"about":[{"href":"https:\/\/lumen-aquatech.com\/hu\/wp-json\/wp\/v2\/types\/product"}],"wp:featuredmedia":[{"embeddable":true,"href":"https:\/\/lumen-aquatech.com\/hu\/wp-json\/wp\/v2\/media\/185"}],"wp:attachment":[{"href":"https:\/\/lumen-aquatech.com\/hu\/wp-json\/wp\/v2\/media?parent=200"}],"wp:term":[{"taxonomy":"product_brand","embeddable":true,"href":"https:\/\/lumen-aquatech.com\/hu\/wp-json\/wp\/v2\/product_brand?post=200"},{"taxonomy":"product_cat","embeddable":true,"href":"https:\/\/lumen-aquatech.com\/hu\/wp-json\/wp\/v2\/product_cat?post=200"},{"taxonomy":"product_tag","embeddable":true,"href":"https:\/\/lumen-aquatech.com\/hu\/wp-json\/wp\/v2\/product_tag?post=200"}],"curies":[{"name":"wp","href":"https:\/\/api.w.org\/{rel}","templated":true}]}}