{"id":203,"date":"2022-03-23T00:18:52","date_gmt":"2022-03-22T23:18:52","guid":{"rendered":"https:\/\/lumen-aquatech.com\/?post_type=product&#038;p=203"},"modified":"2022-08-22T15:02:45","modified_gmt":"2022-08-22T13:02:45","slug":"masterline-ii-macro-1000ml","status":"publish","type":"product","link":"https:\/\/lumen-aquatech.com\/hu\/termek\/masterline-ii-macro-1000ml\/","title":{"rendered":"MasterLine II Macro (1000ml)"},"content":{"rendered":"<p><strong>Tartalom:<\/strong> 0.81% N, 0.20% P, 4.8% K, 0.36% Mg<\/p>\n<p>Javasoljuk, hogy a MasterLine II-t haszn\u00e1lja a MasterLine I-el \u00e9s a MasterLine Carbo-val. \u00cdgy a n\u00f6v\u00e9nyek megkapj\u00e1k az eg\u00e9szs\u00e9ges n\u00f6veked\u00e9shez sz\u00fcks\u00e9ges \u00f6sszes t\u00e1panyagot.\nHozz\u00e1j\u00e1rul az olyan alg\u00e1k megel\u0151z\u00e9s\u00e9hez, mint a GSA, a BGA, de a Staghorn is. Heti v\u00edzcsere javasolt, 30% \u00e9s 50% k\u00f6z\u00f6tt.<\/p>\n<p>Ne nyelje le, \u00e9s tartsa gyermekekt\u0151l elz\u00e1rva. Tartsa a term\u00e9ket sz\u00e1raz, h\u0171v\u00f6s helyen, f\u00e9nyt\u0151l t\u00e1vol.<\/p>\n<p><strong>Adagol\u00e1s:<\/strong> 1 ml 30 literre naponta, vagy 7 ml 30 literre hetente<br \/>\n1 ml 30 literre 1,20 ppm NO3, 0,2 ppm PO4, 1,6 ppm K, 0,12 ppm Mg ad hozz\u00e1<\/p>\n<p>Rom\u00e1ni\u00e1ban gy\u00e1rtva, akvarisztika ir\u00e1nti szenved\u00e9lyb\u0151l.<\/p>\n<h3><strong>Tudta-e?<\/strong><\/h3>\n<p>Minden MasterLine term\u00e9k ugyanazt az adagol\u00e1st alkalmazza:<\/p>\n<ul>\n<li>1 ml \/ 30 liter naponta, vagy<\/li>\n<li>7 ml \/ 30 liter hetente<\/li>\n<\/ul>","protected":false},"excerpt":{"rendered":"<p>A Masterline II egy makroelemekben gazdag koncentr\u00e1lt t\u00e1poldat vizin\u00f6v\u00e9nyek sz\u00e1m\u00e1ra. K\u00e1liumban gazdag. A makroelemek fontosak a n\u00f6v\u00e9nyi n\u00f6veked\u00e9shez. Alap esetben megtal\u00e1lhat\u00f3ak az akv\u00e1riumban, de alacsony koncentr\u00e1ci\u00f3ban, melyn\u00e9l t\u00f6bbre van sz\u00fcks\u00e9g\u00fck a n\u00f6v\u00e9nyeknek. A Masterline II nitrog\u00e9nt, foszfort, k\u00e1liumot \u00e9s magn\u00e9ziumot tartalmaz. Seg\u00edt megel\u0151zni a z\u00f6ld pont alg\u00e1t, az ecsetalg\u00e1t \u00e9s az agancsalg\u00e1t.<\/p>","protected":false},"featured_media":187,"template":"","meta":[],"product_brand":[],"product_cat":[47],"product_tag":[],"class_list":{"0":"post-203","1":"product","2":"type-product","3":"status-publish","4":"has-post-thumbnail","6":"product_cat-fertilizers","8":"first","9":"instock","10":"shipping-taxable","11":"product-type-simple"},"_links":{"self":[{"href":"https:\/\/lumen-aquatech.com\/hu\/wp-json\/wp\/v2\/product\/203","targetHints":{"allow":["GET"]}}],"collection":[{"href":"https:\/\/lumen-aquatech.com\/hu\/wp-json\/wp\/v2\/product"}],"about":[{"href":"https:\/\/lumen-aquatech.com\/hu\/wp-json\/wp\/v2\/types\/product"}],"wp:featuredmedia":[{"embeddable":true,"href":"https:\/\/lumen-aquatech.com\/hu\/wp-json\/wp\/v2\/media\/187"}],"wp:attachment":[{"href":"https:\/\/lumen-aquatech.com\/hu\/wp-json\/wp\/v2\/media?parent=203"}],"wp:term":[{"taxonomy":"product_brand","embeddable":true,"href":"https:\/\/lumen-aquatech.com\/hu\/wp-json\/wp\/v2\/product_brand?post=203"},{"taxonomy":"product_cat","embeddable":true,"href":"https:\/\/lumen-aquatech.com\/hu\/wp-json\/wp\/v2\/product_cat?post=203"},{"taxonomy":"product_tag","embeddable":true,"href":"https:\/\/lumen-aquatech.com\/hu\/wp-json\/wp\/v2\/product_tag?post=203"}],"curies":[{"name":"wp","href":"https:\/\/api.w.org\/{rel}","templated":true}]}}