{"id":205,"date":"2022-03-23T00:21:11","date_gmt":"2022-03-22T23:21:11","guid":{"rendered":"https:\/\/lumen-aquatech.com\/?post_type=product&#038;p=205"},"modified":"2022-08-22T15:01:51","modified_gmt":"2022-08-22T13:01:51","slug":"masterline-iron-500ml","status":"publish","type":"product","link":"https:\/\/lumen-aquatech.com\/hu\/termek\/masterline-iron-500ml\/","title":{"rendered":"MasterLine Iron (500ml)"},"content":{"rendered":"<p><strong>Tartalom:<\/strong> 0.3% Fe<\/p>\n<p>Haszn\u00e1lhat\u00f3 a MasterLine egyes elemeinek egy\u00fcttes\u00e9vel, \u00edgy profi m\u00f3don szab\u00e1lyozhat\u00f3 a t\u00e1panyagok \u00e9rt\u00e9ke, vagy a komplett tr\u00e1gy\u00e1z\u00e1si k\u00e9pletek kieg\u00e9sz\u00edt\u00e9sek\u00e9nt.<\/p>\n<p>Ker\u00fclje az UV-l\u00e1mp\u00e1k haszn\u00e1lat\u00e1t, mivel ezek hozz\u00e1j\u00e1rulnak az oldatban tal\u00e1lhat\u00f3 elemek roml\u00e1s\u00e1hoz.<\/p>\n<p>Ne nyelje le, \u00e9s tartsa gyermekekt\u0151l elz\u00e1rva. Tartsa a term\u00e9ket sz\u00e1raz, h\u0171v\u00f6s helyen, f\u00e9nyt\u0151l t\u00e1vol.<\/p>\n<p><strong>Adagol\u00e1s:<\/strong> 1 ml for 30 liters adds 0.1 ppm Fe<\/p>\n<p>Rom\u00e1ni\u00e1ban gy\u00e1rtva, akvarisztika ir\u00e1nti szenved\u00e9lyb\u0151l.<\/p>\n<h3><strong>Tudta-e?<\/strong><\/h3>\n<p>Minden MasterLine term\u00e9k ugyanazt az adagol\u00e1st alkalmazza:<\/p>\n<ul>\n<li>1 ml \/ 30 liter naponta, vagy<\/li>\n<li>7 ml \/ 30 liter hetente<\/li>\n<\/ul>","protected":false},"excerpt":{"rendered":"<p>A MasterLine Iron stabil vasform\u00e1t tartalmaz, amely ak\u00e1r hetente is adagolhat\u00f3, an\u00e9lk\u00fcl, hogy reag\u00e1lna az akv\u00e1riumban jelen l\u00e9v\u0151 foszf\u00e1tokkal. Szab\u00e1lyozza a vashi\u00e1nyt \u00e9s er\u0151sebb sz\u00ednben seg\u00edt.<\/p>\n<p>Sz\u00fcks\u00e9g szerint adagoljuk, amikor az akv\u00e1riumban a vas koncentr\u00e1ci\u00f3ja 0,1 ppm al\u00e1 cs\u00f6kken.<\/p>","protected":false},"featured_media":188,"template":"","meta":[],"product_brand":[],"product_cat":[47],"product_tag":[],"class_list":{"0":"post-205","1":"product","2":"type-product","3":"status-publish","4":"has-post-thumbnail","6":"product_cat-fertilizers","8":"first","9":"instock","10":"shipping-taxable","11":"product-type-simple"},"_links":{"self":[{"href":"https:\/\/lumen-aquatech.com\/hu\/wp-json\/wp\/v2\/product\/205","targetHints":{"allow":["GET"]}}],"collection":[{"href":"https:\/\/lumen-aquatech.com\/hu\/wp-json\/wp\/v2\/product"}],"about":[{"href":"https:\/\/lumen-aquatech.com\/hu\/wp-json\/wp\/v2\/types\/product"}],"wp:featuredmedia":[{"embeddable":true,"href":"https:\/\/lumen-aquatech.com\/hu\/wp-json\/wp\/v2\/media\/188"}],"wp:attachment":[{"href":"https:\/\/lumen-aquatech.com\/hu\/wp-json\/wp\/v2\/media?parent=205"}],"wp:term":[{"taxonomy":"product_brand","embeddable":true,"href":"https:\/\/lumen-aquatech.com\/hu\/wp-json\/wp\/v2\/product_brand?post=205"},{"taxonomy":"product_cat","embeddable":true,"href":"https:\/\/lumen-aquatech.com\/hu\/wp-json\/wp\/v2\/product_cat?post=205"},{"taxonomy":"product_tag","embeddable":true,"href":"https:\/\/lumen-aquatech.com\/hu\/wp-json\/wp\/v2\/product_tag?post=205"}],"curies":[{"name":"wp","href":"https:\/\/api.w.org\/{rel}","templated":true}]}}