{"id":206,"date":"2022-03-23T00:22:21","date_gmt":"2022-03-22T23:22:21","guid":{"rendered":"https:\/\/lumen-aquatech.com\/?post_type=product&#038;p=206"},"modified":"2022-08-22T15:00:39","modified_gmt":"2022-08-22T13:00:39","slug":"masterline-nitrate-500ml","status":"publish","type":"product","link":"https:\/\/lumen-aquatech.com\/hu\/termek\/masterline-nitrate-500ml\/","title":{"rendered":"MasterLine Nitrate (500ml)"},"content":{"rendered":"<p><strong>Tartalom:<\/strong> 0.69% N, 1.89% K<\/p>\n<p>Haszn\u00e1lhat\u00f3 a MasterLine egyes elemeinek egy\u00fcttes\u00e9vel, \u00edgy profi m\u00f3don szab\u00e1lyozhat\u00f3 a t\u00e1panyagok \u00e9rt\u00e9ke, vagy a komplett tr\u00e1gy\u00e1z\u00e1si k\u00e9pletek kieg\u00e9sz\u00edt\u00e9sek\u00e9nt.<\/p>\n<p>Legal\u00e1bb 5 ppm nitr\u00e1t fenntart\u00e1s\u00e1val az akv\u00e1riumban a n\u00f6v\u00e9nyek harmonikusabban n\u00f6vekednek, nem engedik az alg\u00e1k tapad\u00e1s\u00e1t.<br \/>\nNe nyelje le, \u00e9s tartsa gyermekekt\u0151l elz\u00e1rva. Tartsa a term\u00e9ket sz\u00e1raz, h\u0171v\u00f6s helyen, f\u00e9nyt\u0151l t\u00e1vol.<\/p>\n<p><strong>Adagol\u00e1s:<\/strong> 1 ml for 30 liters adds 1 ppm NO3, 0.63 ppm K<\/p>\n<p>Rom\u00e1ni\u00e1ban gy\u00e1rtva, akvarisztika ir\u00e1nti szenved\u00e9lyb\u0151l.<\/p>\n<h3><strong>Tudta-e?<\/strong><\/h3>\n<p>Minden MasterLine term\u00e9k ugyanazt az adagol\u00e1st alkalmazza:<\/p>\n<ul>\n<li>1 ml \/ 30 liter naponta, vagy<\/li>\n<li>7 ml \/ 30 liter hetente<\/li>\n<\/ul>","protected":false},"excerpt":{"rendered":"<p>A MasterLine Nitrate nitr\u00e1tot tartalmaz, amely a n\u00f6v\u00e9nyek f\u0151 t\u00e1panyaga. Szab\u00e1lyozza a nitrog\u00e9nhi\u00e1nyt, amelyet gyakran bizonyos k\u00f6r\u00fclm\u00e9nyek k\u00f6z\u00f6tt bek\u00f6vetkez\u0151 denitrifik\u00e1ci\u00f3s folyamat okoz. N\u00f6veked\u00e9si lend\u00fcletet k\u00edn\u00e1l.<\/p>\n<p>Sz\u00fcks\u00e9g szerint adagoljuk, amikor az akv\u00e1rium nitr\u00e1tkoncentr\u00e1ci\u00f3ja 5 ppm al\u00e1 cs\u00f6kken.<\/p>","protected":false},"featured_media":189,"template":"","meta":[],"product_brand":[],"product_cat":[47],"product_tag":[],"class_list":{"0":"post-206","1":"product","2":"type-product","3":"status-publish","4":"has-post-thumbnail","6":"product_cat-fertilizers","8":"first","9":"instock","10":"shipping-taxable","11":"product-type-simple"},"_links":{"self":[{"href":"https:\/\/lumen-aquatech.com\/hu\/wp-json\/wp\/v2\/product\/206","targetHints":{"allow":["GET"]}}],"collection":[{"href":"https:\/\/lumen-aquatech.com\/hu\/wp-json\/wp\/v2\/product"}],"about":[{"href":"https:\/\/lumen-aquatech.com\/hu\/wp-json\/wp\/v2\/types\/product"}],"wp:featuredmedia":[{"embeddable":true,"href":"https:\/\/lumen-aquatech.com\/hu\/wp-json\/wp\/v2\/media\/189"}],"wp:attachment":[{"href":"https:\/\/lumen-aquatech.com\/hu\/wp-json\/wp\/v2\/media?parent=206"}],"wp:term":[{"taxonomy":"product_brand","embeddable":true,"href":"https:\/\/lumen-aquatech.com\/hu\/wp-json\/wp\/v2\/product_brand?post=206"},{"taxonomy":"product_cat","embeddable":true,"href":"https:\/\/lumen-aquatech.com\/hu\/wp-json\/wp\/v2\/product_cat?post=206"},{"taxonomy":"product_tag","embeddable":true,"href":"https:\/\/lumen-aquatech.com\/hu\/wp-json\/wp\/v2\/product_tag?post=206"}],"curies":[{"name":"wp","href":"https:\/\/api.w.org\/{rel}","templated":true}]}}