{"id":208,"date":"2022-03-23T00:23:17","date_gmt":"2022-03-22T23:23:17","guid":{"rendered":"https:\/\/lumen-aquatech.com\/?post_type=product&#038;p=208"},"modified":"2023-10-24T09:28:41","modified_gmt":"2023-10-24T07:28:41","slug":"masterline-potassium-500ml","status":"publish","type":"product","link":"https:\/\/lumen-aquatech.com\/hu\/termek\/masterline-potassium-500ml\/","title":{"rendered":"MasterLine Potassium (500ml)"},"content":{"rendered":"<p><strong>Tartalom:<\/strong> 3% K<\/p>\n<p>Haszn\u00e1lhat\u00f3 a MasterLine egyes elemeinek egy\u00fcttes\u00e9vel, \u00edgy profi m\u00f3don szab\u00e1lyozhat\u00f3 a t\u00e1panyagok \u00e9rt\u00e9ke, vagy a komplett tr\u00e1gy\u00e1z\u00e1si k\u00e9pletek kieg\u00e9sz\u00edt\u00e9sek\u00e9nt.<\/p>\n<p>A r\u00e9gi levelek roml\u00e1sa \u00e1ltal\u00e1ban azt jelzi, hogy hi\u00e1nyzik a k\u00e1lium, amelyet az \u00faj levelek kialakul\u00e1s\u00e1nak t\u00e1mogat\u00e1s\u00e1ra haszn\u00e1lnak.<br \/>\nNe nyelje le, \u00e9s tartsa gyermekekt\u0151l elz\u00e1rva. Tartsa a term\u00e9ket sz\u00e1raz, h\u0171v\u00f6s helyen, f\u00e9nyt\u0151l t\u00e1vol.<\/p>\n<p><strong>Adagol\u00e1s:<\/strong> 1 ml 30 literre 1 ppm K-t ad hozz\u00e1<\/p>\n<p>Rom\u00e1ni\u00e1ban gy\u00e1rtva, akvarisztika ir\u00e1nti szenved\u00e9lyb\u0151l.<\/p>\n<h3><strong>Tudta-e?<\/strong><\/h3>\n<p>Minden MasterLine term\u00e9k ugyanazt az adagol\u00e1st alkalmazza:<\/p>\n<ul>\n<li>1 ml \/ 30 liter naponta, vagy<\/li>\n<li>7 ml \/ 30 liter hetente<\/li>\n<\/ul>","protected":false},"excerpt":{"rendered":"<p>A MasterLine k\u00e1lium a harmadik legfontosabb makroelemet tartalmazza. A k\u00e1liumhi\u00e1ny megakad\u00e1lyozza a n\u00f6v\u00e9nyek megfelel\u0151 fejl\u0151d\u00e9s\u00e9ben szerepet j\u00e1tsz\u00f3 enzimek aktiv\u00e1l\u00f3d\u00e1s\u00e1t.<\/p>\n<p>Sz\u00fcks\u00e9g szerint adagoljuk, amikor az akv\u00e1rium k\u00e1liumkoncentr\u00e1ci\u00f3ja 15 ppm al\u00e1 cs\u00f6kken.<\/p>","protected":false},"featured_media":190,"template":"","meta":[],"product_brand":[],"product_cat":[47],"product_tag":[],"class_list":{"0":"post-208","1":"product","2":"type-product","3":"status-publish","4":"has-post-thumbnail","6":"product_cat-fertilizers","8":"first","9":"instock","10":"shipping-taxable","11":"product-type-simple"},"_links":{"self":[{"href":"https:\/\/lumen-aquatech.com\/hu\/wp-json\/wp\/v2\/product\/208","targetHints":{"allow":["GET"]}}],"collection":[{"href":"https:\/\/lumen-aquatech.com\/hu\/wp-json\/wp\/v2\/product"}],"about":[{"href":"https:\/\/lumen-aquatech.com\/hu\/wp-json\/wp\/v2\/types\/product"}],"wp:featuredmedia":[{"embeddable":true,"href":"https:\/\/lumen-aquatech.com\/hu\/wp-json\/wp\/v2\/media\/190"}],"wp:attachment":[{"href":"https:\/\/lumen-aquatech.com\/hu\/wp-json\/wp\/v2\/media?parent=208"}],"wp:term":[{"taxonomy":"product_brand","embeddable":true,"href":"https:\/\/lumen-aquatech.com\/hu\/wp-json\/wp\/v2\/product_brand?post=208"},{"taxonomy":"product_cat","embeddable":true,"href":"https:\/\/lumen-aquatech.com\/hu\/wp-json\/wp\/v2\/product_cat?post=208"},{"taxonomy":"product_tag","embeddable":true,"href":"https:\/\/lumen-aquatech.com\/hu\/wp-json\/wp\/v2\/product_tag?post=208"}],"curies":[{"name":"wp","href":"https:\/\/api.w.org\/{rel}","templated":true}]}}