{"id":209,"date":"2022-03-23T00:24:14","date_gmt":"2022-03-22T23:24:14","guid":{"rendered":"https:\/\/lumen-aquatech.com\/?post_type=product&#038;p=209"},"modified":"2022-08-22T14:59:32","modified_gmt":"2022-08-22T12:59:32","slug":"masterline-phosphate-500ml","status":"publish","type":"product","link":"https:\/\/lumen-aquatech.com\/hu\/termek\/masterline-phosphate-500ml\/","title":{"rendered":"MasterLine Phosphate (500ml)"},"content":{"rendered":"<p><strong>Tartalom:<\/strong> 0.49% P, 0.62% K<\/p>\n<p>Haszn\u00e1lhat\u00f3 a MasterLine egyes elemeinek egy\u00fcttes\u00e9vel, \u00edgy profi m\u00f3don szab\u00e1lyozhat\u00f3 a t\u00e1panyagok \u00e9rt\u00e9ke, vagy a komplett tr\u00e1gy\u00e1z\u00e1si k\u00e9pletek kieg\u00e9sz\u00edt\u00e9sek\u00e9nt.<\/p>\n<p>Hozz\u00e1j\u00e1rul a GSA megel\u0151z\u00e9s\u00e9hez az\u00e1ltal, hogy gyorsabb n\u00f6veked\u00e9si \u00fctemet biztos\u00edt a n\u00f6v\u00e9nyeknek. Cs\u00f6kkenti az alg\u00e1sod\u00e1s kock\u00e1zat\u00e1t.<\/p>\n<p>Ne nyelje le, \u00e9s tartsa gyermekekt\u0151l elz\u00e1rva. Tartsa a term\u00e9ket sz\u00e1raz, h\u0171v\u00f6s helyen, f\u00e9nyt\u0151l t\u00e1vol.<\/p>\n<p><strong>Adagol\u00e1s:<\/strong> 1 ml 30 literre 0,5 ppm PO4-t, 0,2 ppm K-t ad hozz\u00e1.<\/p>\n<p>Rom\u00e1ni\u00e1ban gy\u00e1rtva, akvarisztika ir\u00e1nti szenved\u00e9lyb\u0151l.<\/p>\n<h3><strong>Tudta-e?<\/strong><\/h3>\n<p>Minden MasterLine term\u00e9k ugyanazt az adagol\u00e1st alkalmazza:<\/p>\n<ul>\n<li>1 ml \/ 30 liter naponta, vagy<\/li>\n<li>7 ml \/ 30 liter hetente<\/li>\n<\/ul>","protected":false},"excerpt":{"rendered":"<p>A MasterLine Phosphate foszfort foszf\u00e1tok form\u00e1j\u00e1ban tartalmaz, ami fontos makroelem. \u00c9rdemes megeml\u00edteni, hogy az akt\u00edv talajok felsz\u00edvj\u00e1k a foszf\u00e1tokat, amelyek a n\u00f6v\u00e9nyek gy\u00f6kerein\u00e9l keletkeznek, \u00e9s kis koncentr\u00e1tumot hagynak maguk ut\u00e1n.<\/p>\n<p>Sz\u00fcks\u00e9g szerint adagoljuk, amikor az akv\u00e1rium foszf\u00e1tkoncentr\u00e1ci\u00f3ja 0,5 ppm al\u00e1 cs\u00f6kken.<\/p>","protected":false},"featured_media":191,"template":"","meta":[],"product_brand":[],"product_cat":[47],"product_tag":[],"class_list":{"0":"post-209","1":"product","2":"type-product","3":"status-publish","4":"has-post-thumbnail","6":"product_cat-fertilizers","8":"first","9":"instock","10":"shipping-taxable","11":"product-type-simple"},"_links":{"self":[{"href":"https:\/\/lumen-aquatech.com\/hu\/wp-json\/wp\/v2\/product\/209","targetHints":{"allow":["GET"]}}],"collection":[{"href":"https:\/\/lumen-aquatech.com\/hu\/wp-json\/wp\/v2\/product"}],"about":[{"href":"https:\/\/lumen-aquatech.com\/hu\/wp-json\/wp\/v2\/types\/product"}],"wp:featuredmedia":[{"embeddable":true,"href":"https:\/\/lumen-aquatech.com\/hu\/wp-json\/wp\/v2\/media\/191"}],"wp:attachment":[{"href":"https:\/\/lumen-aquatech.com\/hu\/wp-json\/wp\/v2\/media?parent=209"}],"wp:term":[{"taxonomy":"product_brand","embeddable":true,"href":"https:\/\/lumen-aquatech.com\/hu\/wp-json\/wp\/v2\/product_brand?post=209"},{"taxonomy":"product_cat","embeddable":true,"href":"https:\/\/lumen-aquatech.com\/hu\/wp-json\/wp\/v2\/product_cat?post=209"},{"taxonomy":"product_tag","embeddable":true,"href":"https:\/\/lumen-aquatech.com\/hu\/wp-json\/wp\/v2\/product_tag?post=209"}],"curies":[{"name":"wp","href":"https:\/\/api.w.org\/{rel}","templated":true}]}}