{"id":210,"date":"2022-03-23T00:25:19","date_gmt":"2022-03-22T23:25:19","guid":{"rendered":"https:\/\/lumen-aquatech.com\/?post_type=product&#038;p=210"},"modified":"2022-04-01T23:02:54","modified_gmt":"2022-04-01T22:02:54","slug":"masterline-root-caps","status":"publish","type":"product","link":"https:\/\/lumen-aquatech.com\/hu\/termek\/masterline-root-caps\/","title":{"rendered":"MasterLine Root Caps"},"content":{"rendered":"<p><strong>Tartalom:<\/strong> 14% N, 2% P, 17% K, 3% Mg, 0.5% Fe, 0.07% Mn, 0.03% Zn, 0.02% B, 0.03 Cu, 0.01% Mo<\/p>\n<p>A t\u00e1panyagokb\u00f3l kimer\u00fclt talajt \u00e9letre kelti. Megsz\u00fcnteti a hi\u00e1nyt\u00fcneteket \u00e9s az azokb\u00f3l ad\u00f3d\u00f3 \u00f6sszes probl\u00e9m\u00e1t.<br \/>\nA szemcs\u00e9k nem befoly\u00e1solj\u00e1k a v\u00edz min\u0151s\u00e9g\u00e9t, \u00e9s miut\u00e1n ki\u00fcr\u00fcltek, k\u00f6nnyed\u00e9n elt\u00e1vol\u00edthatjuk \u0151ket az aljzatr\u00f3l.<\/p>\n<p>A kapszul\u00e1kat csipesz seg\u00edts\u00e9g\u00e9vel m\u00e9lyen a n\u00f6v\u00e9nyt\u00f6vek al\u00e1 helyezz\u00fck \u00fagy, hogy a k\u00e9t kapszula k\u00f6zti t\u00e1vols\u00e1g legal\u00e1bb 10 cm legyen. Javasoljuk, a MasterLine foly\u00e9kony m\u0171tr\u00e1gy\u00e1k haszn\u00e1lat azokn\u00e1l a medenc\u00e9kn\u00e9l, ahol a talaj nem tartalmaz semmilyen t\u00e1panyagot.<\/p>\n<p>Ne nyelje le, \u00e9s tartsa gyermekekt\u0151l elz\u00e1rva. Tartsa a term\u00e9ket sz\u00e1raz, h\u0171v\u00f6s helyen, f\u00e9nyt\u0151l t\u00e1vol.<\/p>\n<p><strong>Adagol\u00e1s:<\/strong> az egyik kapszula 10 cm-re a m\u00e1sikt\u00f3l. 3 havonta sz\u00fcks\u00e9ges \u00faj kapszul\u00e1k haszn\u00e1lata.<\/p>\n<p><strong>Quantity:<\/strong> 125 kapszula<\/p>\n<h3><strong>Tudta-e?<\/strong><\/h3>\n<p>Minden MasterLine term\u00e9k ugyanazt az adagol\u00e1st alkalmazza:<\/p>\n<ul>\n<li>1 ml \/ 30 liter naponta, vagy<\/li>\n<li>7 ml \/ 30 liter hetente<\/li>\n<\/ul>","protected":false},"excerpt":{"rendered":"<p>A MasterLine Root Caps egy m\u0171tr\u00e1gya, amely fokozatosan felszabad\u00edtja a n\u00f6v\u00e9nyek sz\u00e1m\u00e1ra sz\u00fcks\u00e9ges \u00f6sszes t\u00e1panyagot, k\u00f6zvetlen\u00fcl a gy\u00f6kereikbe. Ez egy fejlettebb \u00e9s eg\u00e9szs\u00e9gesebb gy\u00f6k\u00e9rrendszert biztos\u00edt, amelynek hat\u00e1s\u00e1ra szebb \u00e9s er\u0151sebb n\u00f6v\u00e9nyeink lesznek. Feler\u0151s\u00edti a sz\u00edneket \u00e9s kedvez\u0151en hat a n\u00f6v\u00e9nyi n\u00f6veked\u00e9sre. Jelent\u0151sen hozz\u00e1j\u00e1rul a nehezebb n\u00f6v\u00e9nyek helyes fejl\u0151d\u00e9s\u00e9hez.<\/p>","protected":false},"featured_media":192,"template":"","meta":[],"product_brand":[],"product_cat":[47],"product_tag":[],"class_list":{"0":"post-210","1":"product","2":"type-product","3":"status-publish","4":"has-post-thumbnail","6":"product_cat-fertilizers","8":"first","9":"instock","10":"shipping-taxable","11":"product-type-simple"},"_links":{"self":[{"href":"https:\/\/lumen-aquatech.com\/hu\/wp-json\/wp\/v2\/product\/210","targetHints":{"allow":["GET"]}}],"collection":[{"href":"https:\/\/lumen-aquatech.com\/hu\/wp-json\/wp\/v2\/product"}],"about":[{"href":"https:\/\/lumen-aquatech.com\/hu\/wp-json\/wp\/v2\/types\/product"}],"wp:featuredmedia":[{"embeddable":true,"href":"https:\/\/lumen-aquatech.com\/hu\/wp-json\/wp\/v2\/media\/192"}],"wp:attachment":[{"href":"https:\/\/lumen-aquatech.com\/hu\/wp-json\/wp\/v2\/media?parent=210"}],"wp:term":[{"taxonomy":"product_brand","embeddable":true,"href":"https:\/\/lumen-aquatech.com\/hu\/wp-json\/wp\/v2\/product_brand?post=210"},{"taxonomy":"product_cat","embeddable":true,"href":"https:\/\/lumen-aquatech.com\/hu\/wp-json\/wp\/v2\/product_cat?post=210"},{"taxonomy":"product_tag","embeddable":true,"href":"https:\/\/lumen-aquatech.com\/hu\/wp-json\/wp\/v2\/product_tag?post=210"}],"curies":[{"name":"wp","href":"https:\/\/api.w.org\/{rel}","templated":true}]}}