{"id":212,"date":"2022-03-23T00:26:39","date_gmt":"2022-03-22T23:26:39","guid":{"rendered":"https:\/\/lumen-aquatech.com\/?post_type=product&#038;p=212"},"modified":"2023-10-24T09:27:58","modified_gmt":"2023-10-24T07:27:58","slug":"masterline-purity","status":"publish","type":"product","link":"https:\/\/lumen-aquatech.com\/hu\/termek\/masterline-purity\/","title":{"rendered":"MasterLine Purity (250ml) + Filter Bag"},"content":{"rendered":"<p><strong>Minim\u00e1lis aj\u00e1nlott mennyis\u00e9g ritk\u00e1bb regener\u00e1l\u00e1shoz:<\/strong><br \/>\n100 ml Purity, 100 liter v\u00edzre<\/p>\n<p>A MasterLine Purity egy sz\u0171r\u0151k\u00f6zeg, amely felsz\u00edvja a szerves anyagokat a v\u00edzb\u0151l. Haszn\u00e1lat\u00e1nak hat\u00e1sa nagyon tiszta v\u00edz \u00e9s kevesebb algaprobl\u00e9ma.<\/p>\n<p>Finom zacsk\u00f3ba tessz\u00fck, v\u00edzzel le\u00f6bl\u00edtj\u00fck \u00e9s a sz\u0171r\u0151be tessz\u00fck. A specifikus szag norm\u00e1lis. Szerves anyagos t\u00f6lt\u00e9se miatt, a szemcs\u00e9k sz\u00edne fokozatosan barna sz\u00edn\u0171re v\u00e1lt.<\/p>\n<p>A piszkos v\u00edz gyorsabban t\u00f6lti be a sz\u0171r\u0151k\u00f6zeget szerves anyagokkal. Min\u00e9l jobban terhelt, ann\u00e1l s\u00f6t\u00e9tebb lesz a sz\u00edne, ami annak a jele, hogy regener\u00e1lni kell.<\/p>\n<p>A regener\u00e1l\u00e1s\u00e9rt, helyezze a tasakot m\u0171anyag tart\u00e1lyba, arom\u00e1s n\u00e1trium-hipoklorittal (feh\u00e9r\u00edt\u0151) 24 \u00f3r\u00e1n \u00e1t. Id\u0151r\u0151l id\u0151re meg kell v\u00e1ltoztatni a t\u00e1ska helyzet\u00e9t a helyes regener\u00e1ci\u00f3 \u00e9rdek\u00e9ben. Ezen id\u0151szak ut\u00e1n alaposan \u00f6bl\u00edtse le, \u00e9s hagyja m\u00e9g 24 \u00f3r\u00e1n \u00e1t 10-20-szor nagyobb d\u00f3zis\u00fa akv\u00e1rium-dekl\u00f3roz\u00f3val kezelt v\u00edzben.<\/p>\n<p>Csak akkor haszn\u00e1lja \u00fajra, ha a kl\u00f3rszag teljesen elt\u0171nik.<\/p>\n<p>Min\u00e9l nagyobb a felhaszn\u00e1lt Purity mennyis\u00e9ge, ann\u00e1l ritk\u00e1bb regener\u00e1ci\u00f3ra lesz sz\u00fcks\u00e9g.<\/p>\n<p>Ne nyelje le \u00e9s tartsa gyermekekt\u0151l elz\u00e1rva.<br \/>\nA term\u00e9ket nedves \u00e1llapotban, z\u00e1rt ed\u00e9nyben t\u00e1rolja.<\/p>","protected":false},"excerpt":{"rendered":"<p>Megakad\u00e1lyozza az amm\u00f3nia \u00e9s a nitrit k\u00e9pz\u0151d\u00e9s\u00e9t. Cs\u00f6kkenti a v\u00edzben oldott szerves anyagokat. Seg\u00edt n\u00f6velni az oxig\u00e9nkoncentr\u00e1ci\u00f3t. Fokozza a gy\u00f6ngyh\u00e1zhat\u00e1st. Tiszt\u00edtja a vizet. Megakad\u00e1lyozza az alg\u00e1k k\u00e9pz\u0151d\u00e9s\u00e9t.<\/p>","protected":false},"featured_media":193,"template":"","meta":[],"product_brand":[],"product_cat":[48],"product_tag":[],"class_list":{"0":"post-212","1":"product","2":"type-product","3":"status-publish","4":"has-post-thumbnail","6":"product_cat-filtration-material","8":"first","9":"instock","10":"shipping-taxable","11":"product-type-simple"},"_links":{"self":[{"href":"https:\/\/lumen-aquatech.com\/hu\/wp-json\/wp\/v2\/product\/212","targetHints":{"allow":["GET"]}}],"collection":[{"href":"https:\/\/lumen-aquatech.com\/hu\/wp-json\/wp\/v2\/product"}],"about":[{"href":"https:\/\/lumen-aquatech.com\/hu\/wp-json\/wp\/v2\/types\/product"}],"wp:featuredmedia":[{"embeddable":true,"href":"https:\/\/lumen-aquatech.com\/hu\/wp-json\/wp\/v2\/media\/193"}],"wp:attachment":[{"href":"https:\/\/lumen-aquatech.com\/hu\/wp-json\/wp\/v2\/media?parent=212"}],"wp:term":[{"taxonomy":"product_brand","embeddable":true,"href":"https:\/\/lumen-aquatech.com\/hu\/wp-json\/wp\/v2\/product_brand?post=212"},{"taxonomy":"product_cat","embeddable":true,"href":"https:\/\/lumen-aquatech.com\/hu\/wp-json\/wp\/v2\/product_cat?post=212"},{"taxonomy":"product_tag","embeddable":true,"href":"https:\/\/lumen-aquatech.com\/hu\/wp-json\/wp\/v2\/product_tag?post=212"}],"curies":[{"name":"wp","href":"https:\/\/api.w.org\/{rel}","templated":true}]}}