{"id":213,"date":"2022-03-23T00:30:01","date_gmt":"2022-03-22T23:30:01","guid":{"rendered":"https:\/\/lumen-aquatech.com\/?post_type=product&#038;p=213"},"modified":"2022-04-15T11:12:31","modified_gmt":"2022-04-15T09:12:31","slug":"lumen-pumice","status":"publish","type":"product","link":"https:\/\/lumen-aquatech.com\/hu\/termek\/lumen-pumice\/","title":{"rendered":"Lumen Pumice"},"content":{"rendered":"<p><strong>Alkalmaz\u00e1si hat\u00e1ly:<\/strong><\/p>\n<p>\u00c9desv\u00edzi \u00e9s tengeri akv\u00e1riumok sz\u00e1m\u00e1ra val\u00f3 sz\u0171r\u0151 k\u00f6zeg.<br \/>\nGranul\u00e1tum: 5-15 mm.<\/p>","protected":false},"excerpt":{"rendered":"<p>A Lumen Pumice, term\u00e9szetes vulkanikus \u00fcvegb\u0151l sz\u00e1rmaz\u00f3 habk\u0151, amely akkor keletkezik, amikor a forr\u00f3 magma v\u00edzzel \u00e9rintkezik. Ennek eredm\u00e9nyek\u00e9ppen egy rendk\u00edv\u00fcl habos k\u0151szerkezet j\u00f6n l\u00e9tre. Egy ilyen k\u0151szerkezet t\u00f6bb sz\u00e1z n\u00e9gyzetm\u00e9teres ter\u00fcletet biztos\u00edt az amm\u00f3nia NH3, a nitrit NO2 \u00e9s a nitr\u00e1t NO3 elt\u00e1vol\u00edt\u00e1s\u00e1hoz hasznos pozit\u00edv bakt\u00e9riumok megteleped\u00e9s\u00e9re.<\/p>\n<p>Haszn\u00e1lat el\u0151tt alaposan \u00f6bl\u00edtse le foly\u00f3 v\u00edz alatt a por elt\u00e1vol\u00edt\u00e1sa \u00e9rdek\u00e9ben!<\/p>","protected":false},"featured_media":194,"template":"","meta":[],"product_brand":[],"product_cat":[48],"product_tag":[],"class_list":{"0":"post-213","1":"product","2":"type-product","3":"status-publish","4":"has-post-thumbnail","6":"product_cat-filtration-material","8":"first","9":"instock","10":"shipping-taxable","11":"product-type-variable"},"_links":{"self":[{"href":"https:\/\/lumen-aquatech.com\/hu\/wp-json\/wp\/v2\/product\/213","targetHints":{"allow":["GET"]}}],"collection":[{"href":"https:\/\/lumen-aquatech.com\/hu\/wp-json\/wp\/v2\/product"}],"about":[{"href":"https:\/\/lumen-aquatech.com\/hu\/wp-json\/wp\/v2\/types\/product"}],"wp:featuredmedia":[{"embeddable":true,"href":"https:\/\/lumen-aquatech.com\/hu\/wp-json\/wp\/v2\/media\/194"}],"wp:attachment":[{"href":"https:\/\/lumen-aquatech.com\/hu\/wp-json\/wp\/v2\/media?parent=213"}],"wp:term":[{"taxonomy":"product_brand","embeddable":true,"href":"https:\/\/lumen-aquatech.com\/hu\/wp-json\/wp\/v2\/product_brand?post=213"},{"taxonomy":"product_cat","embeddable":true,"href":"https:\/\/lumen-aquatech.com\/hu\/wp-json\/wp\/v2\/product_cat?post=213"},{"taxonomy":"product_tag","embeddable":true,"href":"https:\/\/lumen-aquatech.com\/hu\/wp-json\/wp\/v2\/product_tag?post=213"}],"curies":[{"name":"wp","href":"https:\/\/api.w.org\/{rel}","templated":true}]}}