{"id":217,"date":"2022-03-23T00:31:25","date_gmt":"2022-03-22T23:31:25","guid":{"rendered":"https:\/\/lumen-aquatech.com\/?post_type=product&#038;p=217"},"modified":"2022-08-22T15:09:42","modified_gmt":"2022-08-22T13:09:42","slug":"masterline-kh-minus","status":"publish","type":"product","link":"https:\/\/lumen-aquatech.com\/hu\/termek\/masterline-kh-minus\/","title":{"rendered":"MasterLine KH Minus"},"content":{"rendered":"<p>Dosage can be repeated on different days until the optimum value is obtained. Slowly apply over 20-30 seconds, where the currents are the strongest, usually 2-3 cm from the filter&#8217;s return.<\/p>\n<p>A KH m\u00e9r\u00e9s\u00e9hez csepptesztek aj\u00e1nlottak.<\/p>\n<p><strong>FIGYELEM !!!<\/strong> Szem- \u00e9s b\u0151rirrit\u00e1ci\u00f3 hat\u00e1s\u00fa. Ne nyelje le \u00e9s tartsa gyermekekt\u0151l elz\u00e1rva. \u00d6bl\u00edtse le v\u00edzzel, ha \u00e9rintkezik az oldattal.<br \/>\nNem haszn\u00e1lhat\u00f3 adagol\u00f3 szivatty\u00fakkal.<\/p>\n<p><strong>Adagol\u00e1s:<\/strong> 1 ml 10 literre k\u00f6r\u00fclbel\u00fcl 1 fokkal cs\u00f6kkenti a KH \u00e9rt\u00e9k\u00e9t<\/p>\n<h3><strong>Tudta-e?<\/strong><\/h3>\n<p>Minden MasterLine term\u00e9k ugyanazt az adagol\u00e1st alkalmazza:<\/p>\n<ul>\n<li>1 ml \/ 30 liter naponta, vagy<\/li>\n<li>7 ml \/ 30 liter hetente<\/li>\n<\/ul>","protected":false},"excerpt":{"rendered":"<p>Az akv\u00e1riumban tal\u00e1lhat\u00f3 KH optim\u00e1lis \u00e9rt\u00e9ke 3 fok, amely lehet\u0151v\u00e9 teszi a Tonina, Eriocaulon \u00e9s Syngonanthus fajok n\u00f6v\u00e9nyeinek n\u00f6veked\u00e9s\u00e9t. Ne engedje a KH-t 3 fok al\u00e1 KH MINUSZ hozz\u00e1ad\u00e1s\u00e1val.<\/p>\n<p>Ne l\u00e9pje t\u00fal a napi 10 liter akv\u00e1riumv\u00edz 2 ml-es adagj\u00e1t, ami a KH 2 fokos cs\u00f6kken\u00e9s\u00e9nek felel meg.<\/p>\n<p>A KH cs\u00f6kkent\u00e9s\u00e9vel a pH automatikusan cs\u00f6kken, \u00e9s a reakci\u00f3b\u00f3l CO2 keletkezik. A pH-\u00e9rt\u00e9k n\u00e9h\u00e1ny \u00f3r\u00e1n bel\u00fcl stabiliz\u00e1l\u00f3dik.<\/p>","protected":false},"featured_media":195,"template":"","meta":[],"product_brand":[],"product_cat":[49],"product_tag":[],"class_list":{"0":"post-217","1":"product","2":"type-product","3":"status-publish","4":"has-post-thumbnail","6":"product_cat-aqua-conditioners","8":"first","9":"instock","10":"shipping-taxable","11":"product-type-simple"},"_links":{"self":[{"href":"https:\/\/lumen-aquatech.com\/hu\/wp-json\/wp\/v2\/product\/217","targetHints":{"allow":["GET"]}}],"collection":[{"href":"https:\/\/lumen-aquatech.com\/hu\/wp-json\/wp\/v2\/product"}],"about":[{"href":"https:\/\/lumen-aquatech.com\/hu\/wp-json\/wp\/v2\/types\/product"}],"wp:featuredmedia":[{"embeddable":true,"href":"https:\/\/lumen-aquatech.com\/hu\/wp-json\/wp\/v2\/media\/195"}],"wp:attachment":[{"href":"https:\/\/lumen-aquatech.com\/hu\/wp-json\/wp\/v2\/media?parent=217"}],"wp:term":[{"taxonomy":"product_brand","embeddable":true,"href":"https:\/\/lumen-aquatech.com\/hu\/wp-json\/wp\/v2\/product_brand?post=217"},{"taxonomy":"product_cat","embeddable":true,"href":"https:\/\/lumen-aquatech.com\/hu\/wp-json\/wp\/v2\/product_cat?post=217"},{"taxonomy":"product_tag","embeddable":true,"href":"https:\/\/lumen-aquatech.com\/hu\/wp-json\/wp\/v2\/product_tag?post=217"}],"curies":[{"name":"wp","href":"https:\/\/api.w.org\/{rel}","templated":true}]}}