{"id":527,"date":"2023-10-24T11:17:38","date_gmt":"2023-10-24T09:17:38","guid":{"rendered":"https:\/\/lumen-aquatech.com\/?post_type=product&#038;p=527"},"modified":"2023-10-24T11:19:15","modified_gmt":"2023-10-24T09:19:15","slug":"masterline-carbo-200ml","status":"publish","type":"product","link":"https:\/\/lumen-aquatech.com\/hu\/termek\/masterline-carbo-200ml\/","title":{"rendered":"MasterLine Carbo (200ml)"},"content":{"rendered":"<p><strong>Adagol\u00e1s:<\/strong> 1 ml napi 30 literre<\/p>\n<p>MasterLine Carbo can only be dosed daily, preferably before the lighting starts.<\/p>\n<p>Ne nyelje le, \u00e9s tartsa gyermekekt\u0151l elz\u00e1rva. Tartsa a term\u00e9ket sz\u00e1raz, h\u0171v\u00f6s helyen, f\u00e9nyt\u0151l t\u00e1vol.<\/p>\n<p>Rom\u00e1ni\u00e1ban gy\u00e1rtva, akvarisztika ir\u00e1nti szenved\u00e9lyb\u0151l.<\/p>\n<h3><strong>Tudta-e?<\/strong><\/h3>\n<p>Minden MasterLine term\u00e9k ugyanazt az adagol\u00e1st alkalmazza:<\/p>\n<ul>\n<li>1 ml \/ 30 liter naponta, vagy<\/li>\n<li>7 ml \/ 30 liter hetente<\/li>\n<\/ul>","protected":false},"excerpt":{"rendered":"<p>A MasterLine Carbo szenet tartalmaz, amely a f\u00f6ldi \u00e9let els\u0151dleges \u00f6sszetev\u0151je. A legjobb eredm\u00e9ny el\u00e9r\u00e9se \u00e9rdek\u00e9ben CO2 hozz\u00e1ad\u00e1sa n\u00e9lk\u00fcli akv\u00e1riumokban akt\u00edv talaj haszn\u00e1lat\u00e1val egy\u00fctt aj\u00e1nlott. Haszn\u00e1lhat\u00f3 egyetlen sz\u00e9nforr\u00e1sk\u00e9nt vagy CO2-val egy\u00fctt. Ker\u00fclje az UV l\u00e1mp\u00e1k haszn\u00e1lat\u00e1t. Ha \u00e9rintkezik az oldattal, \u00f6bl\u00edtse le v\u00edzzel.<\/p>\n<p>Javasoljuk a MasterLine Carbo egy\u00fcttes haszn\u00e1lat\u00e1t a MasterLine I-el \u00e9s II-vel, vagy az AllInOne-val. \u00cdgy a n\u00f6v\u00e9nyek megkapj\u00e1k az eg\u00e9szs\u00e9ges n\u00f6veked\u00e9shez sz\u00fcks\u00e9ges \u00f6sszes t\u00e1panyagot. A n\u00f6v\u00e9nyek elt\u00e9r\u0151en szintetiz\u00e1lj\u00e1k a CO2-hez k\u00e9pest, \u00e9s nem befoly\u00e1solja a v\u00edz pH-j\u00e1t.<\/p>","protected":false},"featured_media":183,"template":"","meta":[],"product_brand":[],"product_cat":[47],"product_tag":[],"class_list":{"0":"post-527","1":"product","2":"type-product","3":"status-publish","4":"has-post-thumbnail","6":"product_cat-fertilizers","8":"first","9":"instock","10":"shipping-taxable","11":"product-type-simple"},"_links":{"self":[{"href":"https:\/\/lumen-aquatech.com\/hu\/wp-json\/wp\/v2\/product\/527","targetHints":{"allow":["GET"]}}],"collection":[{"href":"https:\/\/lumen-aquatech.com\/hu\/wp-json\/wp\/v2\/product"}],"about":[{"href":"https:\/\/lumen-aquatech.com\/hu\/wp-json\/wp\/v2\/types\/product"}],"wp:featuredmedia":[{"embeddable":true,"href":"https:\/\/lumen-aquatech.com\/hu\/wp-json\/wp\/v2\/media\/183"}],"wp:attachment":[{"href":"https:\/\/lumen-aquatech.com\/hu\/wp-json\/wp\/v2\/media?parent=527"}],"wp:term":[{"taxonomy":"product_brand","embeddable":true,"href":"https:\/\/lumen-aquatech.com\/hu\/wp-json\/wp\/v2\/product_brand?post=527"},{"taxonomy":"product_cat","embeddable":true,"href":"https:\/\/lumen-aquatech.com\/hu\/wp-json\/wp\/v2\/product_cat?post=527"},{"taxonomy":"product_tag","embeddable":true,"href":"https:\/\/lumen-aquatech.com\/hu\/wp-json\/wp\/v2\/product_tag?post=527"}],"curies":[{"name":"wp","href":"https:\/\/api.w.org\/{rel}","templated":true}]}}