{"id":122,"date":"2022-03-10T22:55:04","date_gmt":"2022-03-10T21:55:04","guid":{"rendered":"https:\/\/lumen-aquatech.com\/?post_type=product&#038;p=122"},"modified":"2022-08-22T15:08:19","modified_gmt":"2022-08-22T13:08:19","slug":"masterline-all-in-one-golden-1000ml","status":"publish","type":"product","link":"https:\/\/lumen-aquatech.com\/sr\/\u043f\u0440\u043e\u0438\u0437\u0432\u043e\u0434\/masterline-all-in-one-golden-1000ml\/","title":{"rendered":"MasterLine All In One Golden (1000ml)"},"content":{"rendered":"<p><strong>Sadr\u017eaj:<\/strong> 0.81% N, 0.20% P, 2.25% K, 0.6% Mg, 0.27% Fe, 0.07% Mn, 0.05% Zn, 0.04% B, 0.009% Cu, 0.006% Mo<\/p>\n<p>Upotreba MasterLine All ln One Golden preporu\u010duje se zajedno sa MasterLine Carbo. Tako \u0107e vodene biljke dobiti sve hranjive sastojke potrebne za zdrav i pravilan rast.<\/p>\n<p>Izbegavajte upotrebu UV lampi jer doprinose propadanju elemenata koji se nalaze u rastvoru.<\/p>\n<p>Ne unosite u organizam i \u010duvajte van dohvata dece. Dr\u017eite proizvod na hladnom mestu i van dohvata svetlosti.<\/p>\n<p><strong>Doziranje:<\/strong> 1 ml za 30 litara dnevno. NE PREDOZIRATI!<br \/>\nNa dnevnom nivou 1 ml na 30 litara akvarijumske vode podi\u009e\u017ee 1,20 ppm NO3, 0,2 ppm PO4, 0,75 ppm K, 0,4 ppm Mg, 0,09 ppm Fe<\/p>\n<p>Proizvedeno u Rumuniji, iz strasti za akvaristikom.<\/p>\n<h3><strong>Da li ste znali?<\/strong><\/h3>\n<p>Svi MasterLine proizvodi koriste istu dozu:<\/p>\n<ul>\n<li>1 ml \/ 30 litara dnevno, ili<\/li>\n<li>7 ml \/ 30 litara nedeljno<\/li>\n<\/ul>","protected":false},"excerpt":{"rendered":"<p>Master Line All in One Golden - je vrhunska formula \u0111ubriva koja sadr\u017ei elemente prisutne u vi\u0161estrukim oblicima te koje biljka sa lako\u0107om usvaja u sebe. Koristi se samo u akvarijumima sa dodatkom komprimovanog CO2 i dozira se isklju\u010divo na dnevnom nivou.<\/p>\n<p>All ln One Golden doprinosi zdravijem korenom sistemu biljke, debljem li\u0161\u0107u i stabljici i lak\u0161oj adaptaciji zahtevnijim vrstama biljaka.<\/p>","protected":false},"featured_media":123,"template":"","meta":[],"product_brand":[],"product_cat":[47],"product_tag":[],"class_list":{"0":"post-122","1":"product","2":"type-product","3":"status-publish","4":"has-post-thumbnail","6":"product_cat-fertilizers","8":"first","9":"instock","10":"shipping-taxable","11":"product-type-simple"},"_links":{"self":[{"href":"https:\/\/lumen-aquatech.com\/sr\/wp-json\/wp\/v2\/product\/122","targetHints":{"allow":["GET"]}}],"collection":[{"href":"https:\/\/lumen-aquatech.com\/sr\/wp-json\/wp\/v2\/product"}],"about":[{"href":"https:\/\/lumen-aquatech.com\/sr\/wp-json\/wp\/v2\/types\/product"}],"wp:featuredmedia":[{"embeddable":true,"href":"https:\/\/lumen-aquatech.com\/sr\/wp-json\/wp\/v2\/media\/123"}],"wp:attachment":[{"href":"https:\/\/lumen-aquatech.com\/sr\/wp-json\/wp\/v2\/media?parent=122"}],"wp:term":[{"taxonomy":"product_brand","embeddable":true,"href":"https:\/\/lumen-aquatech.com\/sr\/wp-json\/wp\/v2\/product_brand?post=122"},{"taxonomy":"product_cat","embeddable":true,"href":"https:\/\/lumen-aquatech.com\/sr\/wp-json\/wp\/v2\/product_cat?post=122"},{"taxonomy":"product_tag","embeddable":true,"href":"https:\/\/lumen-aquatech.com\/sr\/wp-json\/wp\/v2\/product_tag?post=122"}],"curies":[{"name":"wp","href":"https:\/\/api.w.org\/{rel}","templated":true}]}}