{"id":124,"date":"2022-03-10T22:59:26","date_gmt":"2022-03-10T21:59:26","guid":{"rendered":"https:\/\/lumen-aquatech.com\/?post_type=product&#038;p=124"},"modified":"2025-02-06T07:52:13","modified_gmt":"2025-02-06T06:52:13","slug":"masterline-all-in-one-soil-500ml","status":"publish","type":"product","link":"https:\/\/lumen-aquatech.com\/sr\/\u043f\u0440\u043e\u0438\u0437\u0432\u043e\u0434\/masterline-all-in-one-soil-500ml\/","title":{"rendered":"MasterLine All In One Soil (500ml)"},"content":{"rendered":"<p><strong>Sadr\u017eaj:<\/strong> 0.27% N, 0.1% P, 1.5% K, 0.12% Mg, 0.09% Fe, 0.023% Mn, 0.016% Zn, 0.013% B, 0.003% Cu, 0.002% Mo<\/p>\n<p>Upotreba MasterLine AlllnOne Soil-a preporu\u010duje se zajedno sa MasterLine Carbo. Tako \u0107e vodene biljke dobiti sve hranjive sastojke potrebne za zdrav i pravilan rast. Izbegavajte upotrebu UV lampi jer doprinose propadanju elemenata koji se nalaze u rastvoru.<\/p>\n<p>Ne unosite u organizam i \u010duvajte van dohvata dece. Dr\u017eite proizvod na hladnom mestu i van dohvata svetlosti.<\/p>\n<p><strong>Doziranje:<\/strong> 1 ml za 30 litara dnevno. NE PREDOZIRATI!<br \/>\nNa dnevnom nivou 1 ml na 30 litara akvarijumske vode podi\u017ee 0,4 ppm NO3, 0,1 ppm PO4, 0,5 ppm K, 0,04 ppm Mg, 0,03 ppm Fe.<\/p>\n<p>Proizvedeno u Rumuniji, iz strasti za akvaristikom.<\/p>\n<h3><strong>Da li ste znali?<\/strong><\/h3>\n<p>Svi MasterLine proizvodi koriste istu dozu:<\/p>\n<ul>\n<li>1 ml \/ 30 litara dnevno, ili<\/li>\n<li>7 ml \/ 30 litara nedeljno<\/li>\n<\/ul>","protected":false},"excerpt":{"rendered":"<p>Master Line All In One Soil - je specijalna formula za prehranu namenjena samo akvarijumima koji koriste aktivnu podlogu (Soil). Koristi se samo u akvarijumima sa dodatkom komprimovanog CO2 i dozira se isklju\u010divo na dnevnom nivou.<\/p>\n<p>All ln One Soil nudi sporiju stopu rasta i ve\u0107u stabilnost, zbog \u010dega se biljke hrane vi\u0161e hranjivim sastojcima iz same aktivne podloge.<\/p>","protected":false},"featured_media":125,"template":"","meta":[],"product_brand":[],"product_cat":[47],"product_tag":[],"class_list":{"0":"post-124","1":"product","2":"type-product","3":"status-publish","4":"has-post-thumbnail","6":"product_cat-fertilizers","8":"first","9":"outofstock","10":"shipping-taxable","11":"product-type-simple"},"_links":{"self":[{"href":"https:\/\/lumen-aquatech.com\/sr\/wp-json\/wp\/v2\/product\/124","targetHints":{"allow":["GET"]}}],"collection":[{"href":"https:\/\/lumen-aquatech.com\/sr\/wp-json\/wp\/v2\/product"}],"about":[{"href":"https:\/\/lumen-aquatech.com\/sr\/wp-json\/wp\/v2\/types\/product"}],"wp:featuredmedia":[{"embeddable":true,"href":"https:\/\/lumen-aquatech.com\/sr\/wp-json\/wp\/v2\/media\/125"}],"wp:attachment":[{"href":"https:\/\/lumen-aquatech.com\/sr\/wp-json\/wp\/v2\/media?parent=124"}],"wp:term":[{"taxonomy":"product_brand","embeddable":true,"href":"https:\/\/lumen-aquatech.com\/sr\/wp-json\/wp\/v2\/product_brand?post=124"},{"taxonomy":"product_cat","embeddable":true,"href":"https:\/\/lumen-aquatech.com\/sr\/wp-json\/wp\/v2\/product_cat?post=124"},{"taxonomy":"product_tag","embeddable":true,"href":"https:\/\/lumen-aquatech.com\/sr\/wp-json\/wp\/v2\/product_tag?post=124"}],"curies":[{"name":"wp","href":"https:\/\/api.w.org\/{rel}","templated":true}]}}