{"id":197,"date":"2022-03-23T00:13:55","date_gmt":"2022-03-22T23:13:55","guid":{"rendered":"https:\/\/lumen-aquatech.com\/?post_type=product&#038;p=197"},"modified":"2024-12-02T14:00:51","modified_gmt":"2024-12-02T13:00:51","slug":"masterline-carbo-1000ml","status":"publish","type":"product","link":"https:\/\/lumen-aquatech.com\/sr\/\u043f\u0440\u043e\u0438\u0437\u0432\u043e\u0434\/masterline-carbo-1000ml\/","title":{"rendered":"MasterLine Carbo (1000ml)"},"content":{"rendered":"<p><strong>Doziranje:<\/strong> 1 ml za 30 litara dnevno. NE PREDOZIRATI!<\/p>\n<p>MasterLine Carbo se mo\u017ee dozirati samo dnevno, po mogu\u0107nosti neposredno pre paljenja rasvete.<\/p>\n<p>Ne unosite u organizam i \u010duvajte van dohvata dece. Dr\u017eite proizvod na hladnom mestu i van dohvata svetlosti.<\/p>\n<p>Proizvedeno u Rumuniji, iz strasti za akvaristikom.<\/p>\n<h3><strong>Da li ste znali?<\/strong><\/h3>\n<p>Svi MasterLine proizvodi koriste istu dozu:<\/p>\n<ul>\n<li>1 ml \/ 30 litara dnevno, ili<\/li>\n<li>7 ml \/ 30 litara nedeljno<\/li>\n<\/ul>","protected":false},"excerpt":{"rendered":"<p>MasterLine Carbo sadr\u017ei ugljenik, primarnu komponentu \u017eivota na Zemlji. Za najbolje rezultate u akvarijumima bez CO2, preporu\u010duje se zajedno sa upotrebom aktivnog tla. Mo\u017ee se koristiti kao pojedina\u010dni izvor ugljenika ili zajedno sa CO2. Izbegavajte upotrebu UV lampi. Ako ste u kontaktu sa rastvorom, isperite vodom.<\/p>\n<p>Preporu\u010duje se upotreba MasterLine Carbo zajedno sa MasterLine I i II ili sa AllInOne. Tako \u0107e vodene biljke dobiti sve hranljive sastojke neophodne za zdrav rast. Biljke ga razli\u010dito sinteti\u0161u u pore\u0111enju sa CO2 i ne uti\u010de na pH vode.<\/p>","protected":false},"featured_media":182,"template":"","meta":[],"product_brand":[],"product_cat":[47],"product_tag":[],"class_list":{"0":"post-197","1":"product","2":"type-product","3":"status-publish","4":"has-post-thumbnail","6":"product_cat-fertilizers","8":"first","9":"instock","10":"shipping-taxable","11":"product-type-simple"},"_links":{"self":[{"href":"https:\/\/lumen-aquatech.com\/sr\/wp-json\/wp\/v2\/product\/197","targetHints":{"allow":["GET"]}}],"collection":[{"href":"https:\/\/lumen-aquatech.com\/sr\/wp-json\/wp\/v2\/product"}],"about":[{"href":"https:\/\/lumen-aquatech.com\/sr\/wp-json\/wp\/v2\/types\/product"}],"wp:featuredmedia":[{"embeddable":true,"href":"https:\/\/lumen-aquatech.com\/sr\/wp-json\/wp\/v2\/media\/182"}],"wp:attachment":[{"href":"https:\/\/lumen-aquatech.com\/sr\/wp-json\/wp\/v2\/media?parent=197"}],"wp:term":[{"taxonomy":"product_brand","embeddable":true,"href":"https:\/\/lumen-aquatech.com\/sr\/wp-json\/wp\/v2\/product_brand?post=197"},{"taxonomy":"product_cat","embeddable":true,"href":"https:\/\/lumen-aquatech.com\/sr\/wp-json\/wp\/v2\/product_cat?post=197"},{"taxonomy":"product_tag","embeddable":true,"href":"https:\/\/lumen-aquatech.com\/sr\/wp-json\/wp\/v2\/product_tag?post=197"}],"curies":[{"name":"wp","href":"https:\/\/api.w.org\/{rel}","templated":true}]}}