{"id":200,"date":"2022-03-23T00:15:59","date_gmt":"2022-03-22T23:15:59","guid":{"rendered":"https:\/\/lumen-aquatech.com\/?post_type=product&#038;p=200"},"modified":"2022-08-22T15:04:09","modified_gmt":"2022-08-22T13:04:09","slug":"masterline-i-micro-1000ml","status":"publish","type":"product","link":"https:\/\/lumen-aquatech.com\/sr\/\u043f\u0440\u043e\u0438\u0437\u0432\u043e\u0434\/masterline-i-micro-1000ml\/","title":{"rendered":"MasterLine I Micro (1000ml)"},"content":{"rendered":"<p><strong>Sadr\u017eaj:<\/strong> 0.27% Fe, 0.07% Mn, 0.05% Zn, 0.04% B, 0.009% Cu, 0.006% Mo<\/p>\n<p>Preporu\u010duje se upotreba MasterLine I zajedno sa MasterLine II i MasterLine Carbo. Tako \u0107e vodene biljke dobiti sve hranljive sastojke neophodne za zdrav rast.\nZahvaljuju\u0107i visokokvalitetnim helatnim agensima, elementi MasterLine I dugo zadr\u017eavaju svoja svojstva.<\/p>\n<p>Ne unosite u organizam i \u010duvajte van dohvata dece. Dr\u017eite proizvod na hladnom mestu i van dohvata svetlosti.<\/p>\n<p><strong>Doziranje:<\/strong> Na dnevnom nivou 1 ml na 30 litara akvarijumske vode ILI na nedeljnom nivou 7 ml na 30 litara akvarijumske vode.<br \/>\n1 ml za 30 litara dodaje 0,09 ppm Fe<\/p>\n<p>Standardna doza je u ve\u0107ini slu\u010dajeva dovoljna.<\/p>\n<p>Proizvedeno u Rumuniji, iz strasti za akvaristikom.<\/p>\n<h3><strong>Da li ste znali?<\/strong><\/h3>\n<p>Svi MasterLine proizvodi koriste istu dozu:<\/p>\n<ul>\n<li>1 ml \/ 30 litara dnevno, ili<\/li>\n<li>7 ml \/ 30 litara nedeljno<\/li>\n<\/ul>","protected":false},"excerpt":{"rendered":"<p>Master Line I - je koncentrisana formula za prehranu akvarijumskih biljaka koja sadr\u017ei mikro hranljive sastojke za vodene biljke. Ne sadr\u017ei hemikalije ili bakterije. Poma\u017ee u spre\u010davanju nedostatka gvo\u017e\u0111a koji se ogleda kao simptom isprane boje u novim listovima akvarijumskih biljaka. Zahvaljuju\u0107i visokokvalitetnim kelatima, hranljivi elementi u ovom preparatu zadr\u017eavaju svoja svojstva du\u017ei vremenski period, \u010duvaju\u0107i vodu kristalno \u010distom. Izbegavajte upotrebu UV lampi.<\/p>","protected":false},"featured_media":185,"template":"","meta":[],"product_brand":[],"product_cat":[47],"product_tag":[],"class_list":{"0":"post-200","1":"product","2":"type-product","3":"status-publish","4":"has-post-thumbnail","6":"product_cat-fertilizers","8":"first","9":"instock","10":"shipping-taxable","11":"product-type-simple"},"_links":{"self":[{"href":"https:\/\/lumen-aquatech.com\/sr\/wp-json\/wp\/v2\/product\/200","targetHints":{"allow":["GET"]}}],"collection":[{"href":"https:\/\/lumen-aquatech.com\/sr\/wp-json\/wp\/v2\/product"}],"about":[{"href":"https:\/\/lumen-aquatech.com\/sr\/wp-json\/wp\/v2\/types\/product"}],"wp:featuredmedia":[{"embeddable":true,"href":"https:\/\/lumen-aquatech.com\/sr\/wp-json\/wp\/v2\/media\/185"}],"wp:attachment":[{"href":"https:\/\/lumen-aquatech.com\/sr\/wp-json\/wp\/v2\/media?parent=200"}],"wp:term":[{"taxonomy":"product_brand","embeddable":true,"href":"https:\/\/lumen-aquatech.com\/sr\/wp-json\/wp\/v2\/product_brand?post=200"},{"taxonomy":"product_cat","embeddable":true,"href":"https:\/\/lumen-aquatech.com\/sr\/wp-json\/wp\/v2\/product_cat?post=200"},{"taxonomy":"product_tag","embeddable":true,"href":"https:\/\/lumen-aquatech.com\/sr\/wp-json\/wp\/v2\/product_tag?post=200"}],"curies":[{"name":"wp","href":"https:\/\/api.w.org\/{rel}","templated":true}]}}