{"id":205,"date":"2022-03-23T00:21:11","date_gmt":"2022-03-22T23:21:11","guid":{"rendered":"https:\/\/lumen-aquatech.com\/?post_type=product&#038;p=205"},"modified":"2022-08-22T15:01:51","modified_gmt":"2022-08-22T13:01:51","slug":"masterline-iron-500ml","status":"publish","type":"product","link":"https:\/\/lumen-aquatech.com\/sr\/\u043f\u0440\u043e\u0438\u0437\u0432\u043e\u0434\/masterline-iron-500ml\/","title":{"rendered":"MasterLine Iron (500ml)"},"content":{"rendered":"<p><strong>Sadr\u017eaj:<\/strong> 0.3% Fe<\/p>\n<p>Mo\u017ee se koristiti zajedno sa nizom pojedina\u010dnih elemenata iz MasterLine-a, na taj na\u010din mo\u017ee se na profesionalan na\u010din kontrolisati vrednosti hranljivih sastojaka ili kao dodatak celokupnim formulama \u0111ubrenja.<\/p>\n<p>Izbegavajte upotrebu UV lampi jer doprinose propadanju elemenata koji se nalaze u rastvoru.<\/p>\n<p>Ne unosite u organizam i \u010duvajte van dohvata dece. Dr\u017eite proizvod na hladnom mestu i van dohvata svetlosti.<\/p>\n<p><strong>Doziranje:<\/strong> 1 ml na 30 litara akvarijumske podi\u017ee nivo gvo\u017e\u0111a za 0,1 ppm.<\/p>\n<p>Proizvedeno u Rumuniji, iz strasti za akvaristikom.<\/p>\n<h3><strong>Da li ste znali?<\/strong><\/h3>\n<p>Svi MasterLine proizvodi koriste istu dozu:<\/p>\n<ul>\n<li>1 ml \/ 30 litara dnevno, ili<\/li>\n<li>7 ml \/ 30 litara nedeljno<\/li>\n<\/ul>","protected":false},"excerpt":{"rendered":"<p>Master Line Iron - sadr\u017ei stabilan oblik gvo\u017e\u0111a koji se mo\u017ee dozirati \u010dak nedeljno, a da ne reaguje sa fosfatima prisutnim u akvarijumu. Reguli\u0161e nedostatak gvo\u017e\u0111a i poma\u017ee u ja\u010doj boji.<\/p>\n<p>Dozira se po potrebi kada koncentracija gvo\u017e\u0111a u akvarijumu padne ispod 0,1 ppm.<\/p>","protected":false},"featured_media":188,"template":"","meta":[],"product_brand":[],"product_cat":[47],"product_tag":[],"class_list":{"0":"post-205","1":"product","2":"type-product","3":"status-publish","4":"has-post-thumbnail","6":"product_cat-fertilizers","8":"first","9":"instock","10":"shipping-taxable","11":"product-type-simple"},"_links":{"self":[{"href":"https:\/\/lumen-aquatech.com\/sr\/wp-json\/wp\/v2\/product\/205","targetHints":{"allow":["GET"]}}],"collection":[{"href":"https:\/\/lumen-aquatech.com\/sr\/wp-json\/wp\/v2\/product"}],"about":[{"href":"https:\/\/lumen-aquatech.com\/sr\/wp-json\/wp\/v2\/types\/product"}],"wp:featuredmedia":[{"embeddable":true,"href":"https:\/\/lumen-aquatech.com\/sr\/wp-json\/wp\/v2\/media\/188"}],"wp:attachment":[{"href":"https:\/\/lumen-aquatech.com\/sr\/wp-json\/wp\/v2\/media?parent=205"}],"wp:term":[{"taxonomy":"product_brand","embeddable":true,"href":"https:\/\/lumen-aquatech.com\/sr\/wp-json\/wp\/v2\/product_brand?post=205"},{"taxonomy":"product_cat","embeddable":true,"href":"https:\/\/lumen-aquatech.com\/sr\/wp-json\/wp\/v2\/product_cat?post=205"},{"taxonomy":"product_tag","embeddable":true,"href":"https:\/\/lumen-aquatech.com\/sr\/wp-json\/wp\/v2\/product_tag?post=205"}],"curies":[{"name":"wp","href":"https:\/\/api.w.org\/{rel}","templated":true}]}}