{"id":206,"date":"2022-03-23T00:22:21","date_gmt":"2022-03-22T23:22:21","guid":{"rendered":"https:\/\/lumen-aquatech.com\/?post_type=product&#038;p=206"},"modified":"2022-08-22T15:00:39","modified_gmt":"2022-08-22T13:00:39","slug":"masterline-nitrate-500ml","status":"publish","type":"product","link":"https:\/\/lumen-aquatech.com\/sr\/\u043f\u0440\u043e\u0438\u0437\u0432\u043e\u0434\/masterline-nitrate-500ml\/","title":{"rendered":"MasterLine Nitrate (500ml)"},"content":{"rendered":"<p><strong>Sadr\u017eaj:<\/strong> 0.69% N, 1.89% K<\/p>\n<p>Mo\u017ee se koristiti zajedno sa nizom pojedina\u010dnih elemenata iz MasterLine-a, na taj na\u010din mo\u017ee se na profesionalan na\u010din kontrolisati vrednost hranljivih sastojaka ili kao dodatak celokupnim formulama \u0111ubrenja.<\/p>\n<p>Odr\u017eavanjem najmanje 5 ppm nitrata u akvarijumu, biljke \u0107e rasti skladnije, ne dozvoljavaju\u0107i algama da se ve\u017eu.<br \/>\nNe unosite u organizam i \u010duvajte van dohvata dece. Dr\u017eite proizvod na hladnom mestu i van dohvata svetlosti.<\/p>\n<p><strong>Doziranje:<\/strong> 1 ml na 30 litara akvarijumske vode podi\u017ee nivo nitrata za 1 ppm i nivo kalijuma za 0.63 ppm.<\/p>\n<p>Proizvedeno u Rumuniji, iz strasti za akvaristikom.<\/p>\n<h3><strong>Da li ste znali?<\/strong><\/h3>\n<p>Svi MasterLine proizvodi koriste istu dozu:<\/p>\n<ul>\n<li>1 ml \/ 30 litara dnevno, ili<\/li>\n<li>7 ml \/ 30 litara nedeljno<\/li>\n<\/ul>","protected":false},"excerpt":{"rendered":"<p>Master Line Nitrate - sadr\u017ei azot u obliku nitrata, glavnog hranjivog sastojka biljaka. On reguli\u0161\u009ae nedostatak azota, \u010desto izazvan procesom denitrifikacije koji se odvija pod odre\u0111enim uslovima. Nudi podsticanje rasta.<\/p>\n<p>Dozira se po potrebi, kada koncentracija nitrata u akvarijumu padne ispod 5 ppm.<\/p>","protected":false},"featured_media":189,"template":"","meta":[],"product_brand":[],"product_cat":[47],"product_tag":[],"class_list":{"0":"post-206","1":"product","2":"type-product","3":"status-publish","4":"has-post-thumbnail","6":"product_cat-fertilizers","8":"first","9":"instock","10":"shipping-taxable","11":"product-type-simple"},"_links":{"self":[{"href":"https:\/\/lumen-aquatech.com\/sr\/wp-json\/wp\/v2\/product\/206","targetHints":{"allow":["GET"]}}],"collection":[{"href":"https:\/\/lumen-aquatech.com\/sr\/wp-json\/wp\/v2\/product"}],"about":[{"href":"https:\/\/lumen-aquatech.com\/sr\/wp-json\/wp\/v2\/types\/product"}],"wp:featuredmedia":[{"embeddable":true,"href":"https:\/\/lumen-aquatech.com\/sr\/wp-json\/wp\/v2\/media\/189"}],"wp:attachment":[{"href":"https:\/\/lumen-aquatech.com\/sr\/wp-json\/wp\/v2\/media?parent=206"}],"wp:term":[{"taxonomy":"product_brand","embeddable":true,"href":"https:\/\/lumen-aquatech.com\/sr\/wp-json\/wp\/v2\/product_brand?post=206"},{"taxonomy":"product_cat","embeddable":true,"href":"https:\/\/lumen-aquatech.com\/sr\/wp-json\/wp\/v2\/product_cat?post=206"},{"taxonomy":"product_tag","embeddable":true,"href":"https:\/\/lumen-aquatech.com\/sr\/wp-json\/wp\/v2\/product_tag?post=206"}],"curies":[{"name":"wp","href":"https:\/\/api.w.org\/{rel}","templated":true}]}}