{"id":208,"date":"2022-03-23T00:23:17","date_gmt":"2022-03-22T23:23:17","guid":{"rendered":"https:\/\/lumen-aquatech.com\/?post_type=product&#038;p=208"},"modified":"2023-10-24T09:28:41","modified_gmt":"2023-10-24T07:28:41","slug":"masterline-potassium-500ml","status":"publish","type":"product","link":"https:\/\/lumen-aquatech.com\/sr\/\u043f\u0440\u043e\u0438\u0437\u0432\u043e\u0434\/masterline-potassium-500ml\/","title":{"rendered":"MasterLine Potassium (500ml)"},"content":{"rendered":"<p><strong>Sadr\u017eaj:<\/strong> 3% K<\/p>\n<p>Mo\u017ee se koristiti zajedno sa nizom pojedina\u010dnih elemenata iz MasterLine-a, na taj na\u010din mo\u017ee se na profesionalan na\u010din kontrolisati vrednost hranljivih sastojaka ili kao dodatak celokupnim formulama \u0111ubrenja.<\/p>\n<p>Pogor\u0161anje starih listova uglavnom ukazuje na nedostatak kalijuma koji se koristi za podr\u009a\u0161ku stvaranja novih listova.<br \/>\nNe unosite u organizam i \u010duvajte van dohvata dece. Dr\u017eite proizvod na hladnom mestu i van dohvata svetlosti.<\/p>\n<p><strong>Doziranje:<\/strong> 1 ml na 30 litara akvarijumske vode podi\u017ee nivo kalijuma za 1 ppm.<\/p>\n<p>Proizvedeno u Rumuniji, iz strasti za akvaristikom.<\/p>\n<h3><strong>Da li ste znali?<\/strong><\/h3>\n<p>Svi MasterLine proizvodi koriste istu dozu:<\/p>\n<ul>\n<li>1 ml \/ 30 litara dnevno, ili<\/li>\n<li>7 ml \/ 30 litara nedeljno<\/li>\n<\/ul>","protected":false},"excerpt":{"rendered":"<p>Master Line Potassium - sadr\u017ei tre\u0107i najva\u017eniji makroelement. Nedostatak kalijuma spre\u010dava aktiviranje enzima koji u\u010destvuju u pravilnom razvoju biljaka.<\/p>\n<p>Dozira se po potrebi, kada koncentracija kalijuma u akvarijumu padne ispod 15 ppm.<\/p>","protected":false},"featured_media":190,"template":"","meta":[],"product_brand":[],"product_cat":[47],"product_tag":[],"class_list":{"0":"post-208","1":"product","2":"type-product","3":"status-publish","4":"has-post-thumbnail","6":"product_cat-fertilizers","8":"first","9":"instock","10":"shipping-taxable","11":"product-type-simple"},"_links":{"self":[{"href":"https:\/\/lumen-aquatech.com\/sr\/wp-json\/wp\/v2\/product\/208","targetHints":{"allow":["GET"]}}],"collection":[{"href":"https:\/\/lumen-aquatech.com\/sr\/wp-json\/wp\/v2\/product"}],"about":[{"href":"https:\/\/lumen-aquatech.com\/sr\/wp-json\/wp\/v2\/types\/product"}],"wp:featuredmedia":[{"embeddable":true,"href":"https:\/\/lumen-aquatech.com\/sr\/wp-json\/wp\/v2\/media\/190"}],"wp:attachment":[{"href":"https:\/\/lumen-aquatech.com\/sr\/wp-json\/wp\/v2\/media?parent=208"}],"wp:term":[{"taxonomy":"product_brand","embeddable":true,"href":"https:\/\/lumen-aquatech.com\/sr\/wp-json\/wp\/v2\/product_brand?post=208"},{"taxonomy":"product_cat","embeddable":true,"href":"https:\/\/lumen-aquatech.com\/sr\/wp-json\/wp\/v2\/product_cat?post=208"},{"taxonomy":"product_tag","embeddable":true,"href":"https:\/\/lumen-aquatech.com\/sr\/wp-json\/wp\/v2\/product_tag?post=208"}],"curies":[{"name":"wp","href":"https:\/\/api.w.org\/{rel}","templated":true}]}}