{"id":209,"date":"2022-03-23T00:24:14","date_gmt":"2022-03-22T23:24:14","guid":{"rendered":"https:\/\/lumen-aquatech.com\/?post_type=product&#038;p=209"},"modified":"2022-08-22T14:59:32","modified_gmt":"2022-08-22T12:59:32","slug":"masterline-phosphate-500ml","status":"publish","type":"product","link":"https:\/\/lumen-aquatech.com\/sr\/\u043f\u0440\u043e\u0438\u0437\u0432\u043e\u0434\/masterline-phosphate-500ml\/","title":{"rendered":"MasterLine Phosphate (500ml)"},"content":{"rendered":"<p><strong>Sadr\u017eaj:<\/strong> 0.49% P, 0.62% K<\/p>\n<p>Mo\u017ee se koristiti zajedno sa nizom pojedina\u010dnih elemenata iz MasterLine-a, na taj na\u010din mo\u017ee se na profesionalan na\u010din kontrolisati vrednost hranljivih sastojaka ili kao dodatak celokupnim formulama \u0111ubrenja.<\/p>\n<p>Doprinosi prevenciji GSA alge, daju\u0107i biljkama brzu stopu rasta. Smanjuje rizik od vezivanja algi.<\/p>\n<p>Ne unosite u organizam i \u010duvajte van dohvata dece. Dr\u017eite proizvod na hladnom mestu i van dohvata svetlosti.<\/p>\n<p><strong>Doziranje:<\/strong> 1 ml na 30 litara akvarijumske vode podi\u017ee nivo fosfata za 0,5 ppm i nivo kalijuma za 0,2 ppm.<\/p>\n<p>Proizvedeno u Rumuniji, iz strasti za akvaristikom.<\/p>\n<h3><strong>Da li ste znali?<\/strong><\/h3>\n<p>Svi MasterLine proizvodi koriste istu dozu:<\/p>\n<ul>\n<li>1 ml \/ 30 litara dnevno, ili<\/li>\n<li>7 ml \/ 30 litara nedeljno<\/li>\n<\/ul>","protected":false},"excerpt":{"rendered":"<p>Master Line Phosphate sadr\u017ei fosfor u obliku fosfata, va\u017ean makroelement. Vredno je napomenuti da aktivne podloge apsorbiraju fosfate daju\u0107i ih korenom sistemu biljke i ostavljaju\u0107i malu koncentraciju u vodenom koloni.<\/p>\n<p>Dozira se po potrebi, kada koncentracija fosfata u akvarijumu padne ispod 0,5 ppm.<\/p>","protected":false},"featured_media":191,"template":"","meta":[],"product_brand":[],"product_cat":[47],"product_tag":[],"class_list":{"0":"post-209","1":"product","2":"type-product","3":"status-publish","4":"has-post-thumbnail","6":"product_cat-fertilizers","8":"first","9":"instock","10":"shipping-taxable","11":"product-type-simple"},"_links":{"self":[{"href":"https:\/\/lumen-aquatech.com\/sr\/wp-json\/wp\/v2\/product\/209","targetHints":{"allow":["GET"]}}],"collection":[{"href":"https:\/\/lumen-aquatech.com\/sr\/wp-json\/wp\/v2\/product"}],"about":[{"href":"https:\/\/lumen-aquatech.com\/sr\/wp-json\/wp\/v2\/types\/product"}],"wp:featuredmedia":[{"embeddable":true,"href":"https:\/\/lumen-aquatech.com\/sr\/wp-json\/wp\/v2\/media\/191"}],"wp:attachment":[{"href":"https:\/\/lumen-aquatech.com\/sr\/wp-json\/wp\/v2\/media?parent=209"}],"wp:term":[{"taxonomy":"product_brand","embeddable":true,"href":"https:\/\/lumen-aquatech.com\/sr\/wp-json\/wp\/v2\/product_brand?post=209"},{"taxonomy":"product_cat","embeddable":true,"href":"https:\/\/lumen-aquatech.com\/sr\/wp-json\/wp\/v2\/product_cat?post=209"},{"taxonomy":"product_tag","embeddable":true,"href":"https:\/\/lumen-aquatech.com\/sr\/wp-json\/wp\/v2\/product_tag?post=209"}],"curies":[{"name":"wp","href":"https:\/\/api.w.org\/{rel}","templated":true}]}}