{"id":210,"date":"2022-03-23T00:25:19","date_gmt":"2022-03-22T23:25:19","guid":{"rendered":"https:\/\/lumen-aquatech.com\/?post_type=product&#038;p=210"},"modified":"2022-04-01T23:02:54","modified_gmt":"2022-04-01T22:02:54","slug":"masterline-root-caps","status":"publish","type":"product","link":"https:\/\/lumen-aquatech.com\/sr\/\u043f\u0440\u043e\u0438\u0437\u0432\u043e\u0434\/masterline-root-caps\/","title":{"rendered":"MasterLine Root Caps"},"content":{"rendered":"<p><strong>Sadr\u017eaj:<\/strong> 14% N, 2% P, 17% K, 3% Mg, 0.5% Fe, 0.07% Mn, 0.03% Zn, 0.02% B, 0.03 Cu, 0.01% Mo<\/p>\n<p>Vra\u0107a hranom osiroma\u0161enu podlogu u \u017eivot. Uklanja rizik od nedostataka hranjivih materija i svih problema koji poti\u010du iz istog.<br \/>\nKapsule ni na koji na\u010din ne uti\u010du na kvalitet vode. Nakon iskori\u0161tenja, lako se uklanjaju sa podloge usisavanjem.<\/p>\n<p>Kapsule se ubacuju duboko ispod korenog sistema biljke pomoc\u0301u pincete, u me\u0111usobnim razmacima ne manjim od 10 cm. Preporu\u010duje se da se koriste uz dodatak MasterLine te\u010dnog \u0111ubriva, u akvarijumima sa aktivnom ili inertnom podlogom.<\/p>\n<p>Proizvod \u010duvajte u zatvorenoj ambala\u017ei na suvom i tamnom mestu, nemojte ga gutati te ga dr\u017eite dalje od dece.<\/p>\n<p><strong>Doziranje:<\/strong> jedna kapsula udaljena 10 cm od druge. Dodajte nove kapsule svaka 3 meseca.<\/p>\n<p><strong>Koli\u010dina:<\/strong> 125 kapsula<\/p>\n<h3><strong>Da li ste znali?<\/strong><\/h3>\n<p>Svi MasterLine proizvodi koriste istu dozu:<\/p>\n<ul>\n<li>1 ml \/ 30 litara dnevno, ili<\/li>\n<li>7 ml \/ 30 litara nedeljno<\/li>\n<\/ul>","protected":false},"excerpt":{"rendered":"<p>MasterLine Root Caps su \u0111ubrivo koje postepeno osloba\u0111a sve hranljive sastojke potrebne biljkama, direktno do njihovih korenih sistema. Obezbe\u0111uju bolje razvijen i zdraviji koreni sistem koji se dalje odra\u017eava u robusniji izgled biljke.Uveliko doprinose izra\u017eenijem koloritu akvarijumskih biljaka. Zna\u010dajno doprinose pravilnom razvoju zahtevnijijih tipova akvarijumskih biljaka.<\/p>","protected":false},"featured_media":192,"template":"","meta":[],"product_brand":[],"product_cat":[47],"product_tag":[],"class_list":{"0":"post-210","1":"product","2":"type-product","3":"status-publish","4":"has-post-thumbnail","6":"product_cat-fertilizers","8":"first","9":"instock","10":"shipping-taxable","11":"product-type-simple"},"_links":{"self":[{"href":"https:\/\/lumen-aquatech.com\/sr\/wp-json\/wp\/v2\/product\/210","targetHints":{"allow":["GET"]}}],"collection":[{"href":"https:\/\/lumen-aquatech.com\/sr\/wp-json\/wp\/v2\/product"}],"about":[{"href":"https:\/\/lumen-aquatech.com\/sr\/wp-json\/wp\/v2\/types\/product"}],"wp:featuredmedia":[{"embeddable":true,"href":"https:\/\/lumen-aquatech.com\/sr\/wp-json\/wp\/v2\/media\/192"}],"wp:attachment":[{"href":"https:\/\/lumen-aquatech.com\/sr\/wp-json\/wp\/v2\/media?parent=210"}],"wp:term":[{"taxonomy":"product_brand","embeddable":true,"href":"https:\/\/lumen-aquatech.com\/sr\/wp-json\/wp\/v2\/product_brand?post=210"},{"taxonomy":"product_cat","embeddable":true,"href":"https:\/\/lumen-aquatech.com\/sr\/wp-json\/wp\/v2\/product_cat?post=210"},{"taxonomy":"product_tag","embeddable":true,"href":"https:\/\/lumen-aquatech.com\/sr\/wp-json\/wp\/v2\/product_tag?post=210"}],"curies":[{"name":"wp","href":"https:\/\/api.w.org\/{rel}","templated":true}]}}