{"id":212,"date":"2022-03-23T00:26:39","date_gmt":"2022-03-22T23:26:39","guid":{"rendered":"https:\/\/lumen-aquatech.com\/?post_type=product&#038;p=212"},"modified":"2023-10-24T09:27:58","modified_gmt":"2023-10-24T07:27:58","slug":"masterline-purity","status":"publish","type":"product","link":"https:\/\/lumen-aquatech.com\/sr\/\u043f\u0440\u043e\u0438\u0437\u0432\u043e\u0434\/masterline-purity\/","title":{"rendered":"MasterLine Purity (250ml) + Filter Bag"},"content":{"rendered":"<p><strong>Minimalna preporu\u010dena koli\u010dina za re\u0111e regeneracije:<\/strong><br \/>\n100 ml Purity za 100 litara vode<\/p>\n<p>MasterLine Purity je filterski medijum koji apsorbuje organsku materiju iz vode. Efekat njegove upotrebe su vrlo bistra voda i manji broj problema sa algama.<\/p>\n<p>Postavlja se u finu kesu, ispere vodom i stavi u filter. Specifi\u010dan miris je normalan. Kako se zasi\u0107uje organskom materijom, boja granula postepeno se menja u braon.<\/p>\n<p>Prljava voda izaziva zasi\u0107enje filter medijuma organskim materijama. \u0160to je medijum zasi\u0107eniji, bi\u0107e tamnija njegova boja, \u009ato je znak da je potrebna njegova regeneracija.<\/p>\n<p>Za regeneraciju, kesu sa medijumom stavite u plasti\u010dnu posudu, sa natrijum-hipohloritom (izbeljiva\u010dem), nearomatskim, tokom 24 sata. S vremena na vreme, menjajte polo\u017eaj vre\u0107e radi ispravne i potpune regeneracije celokupnog medijuma. Nakon ovog perioda, dobro isperite medijum i ostavite jo\u0161\u009a 24 sata u vodi tretiranoj sa 10-20 puta ve\u0107om dozom akvarijumskog dehlorinatora.<\/p>\n<p>Medijum je spreman za ponovnu upotrebu tek kada miris hlora potpuno nestane.<\/p>\n<p>\u0160to je ve\u0107a koli\u010dina Master Line Purity - a koja se koristi, bi\u0107e potrebne re\u0111e regeneracije.<\/p>\n<p>Ne unosite u organizam i \u010duvajte van dohvata dece.<br \/>\nProizvod \u010duvati u vla\u017enom stanju u zatvorenoj posudi.<\/p>","protected":false},"excerpt":{"rendered":"<p>Spre\u010dava stvaranje amonijaka i nitrita. Smanjuje nivo organskih otpadnih materija rastvorenih u vodi. Poma\u017ee u pove\u0107anju koncentracije kiseonika. Poja\u010dava biserni efekat akvarijumske vode. \u010cisti vodu. Spre\u010dava stvaranje algi.<\/p>","protected":false},"featured_media":193,"template":"","meta":[],"product_brand":[],"product_cat":[48],"product_tag":[],"class_list":{"0":"post-212","1":"product","2":"type-product","3":"status-publish","4":"has-post-thumbnail","6":"product_cat-filtration-material","8":"first","9":"instock","10":"shipping-taxable","11":"product-type-simple"},"_links":{"self":[{"href":"https:\/\/lumen-aquatech.com\/sr\/wp-json\/wp\/v2\/product\/212","targetHints":{"allow":["GET"]}}],"collection":[{"href":"https:\/\/lumen-aquatech.com\/sr\/wp-json\/wp\/v2\/product"}],"about":[{"href":"https:\/\/lumen-aquatech.com\/sr\/wp-json\/wp\/v2\/types\/product"}],"wp:featuredmedia":[{"embeddable":true,"href":"https:\/\/lumen-aquatech.com\/sr\/wp-json\/wp\/v2\/media\/193"}],"wp:attachment":[{"href":"https:\/\/lumen-aquatech.com\/sr\/wp-json\/wp\/v2\/media?parent=212"}],"wp:term":[{"taxonomy":"product_brand","embeddable":true,"href":"https:\/\/lumen-aquatech.com\/sr\/wp-json\/wp\/v2\/product_brand?post=212"},{"taxonomy":"product_cat","embeddable":true,"href":"https:\/\/lumen-aquatech.com\/sr\/wp-json\/wp\/v2\/product_cat?post=212"},{"taxonomy":"product_tag","embeddable":true,"href":"https:\/\/lumen-aquatech.com\/sr\/wp-json\/wp\/v2\/product_tag?post=212"}],"curies":[{"name":"wp","href":"https:\/\/api.w.org\/{rel}","templated":true}]}}