{"id":213,"date":"2022-03-23T00:30:01","date_gmt":"2022-03-22T23:30:01","guid":{"rendered":"https:\/\/lumen-aquatech.com\/?post_type=product&#038;p=213"},"modified":"2022-04-15T11:12:31","modified_gmt":"2022-04-15T09:12:31","slug":"lumen-pumice","status":"publish","type":"product","link":"https:\/\/lumen-aquatech.com\/sr\/\u043f\u0440\u043e\u0438\u0437\u0432\u043e\u0434\/lumen-pumice\/","title":{"rendered":"Lumen Pumice"},"content":{"rendered":"<p><strong>Obim primene:<\/strong><\/p>\n<p>Filter medijum namenjen slatkovodnim i morskim akvarijumima.<br \/>\nSrednja granulacija: 5-15mm.<\/p>","protected":false},"excerpt":{"rendered":"<p>Lumen Pumice je prirodno vulkansko staklo koje nastaje kada vru\u0107a magma do\u0111e u kontakt sa vodom. S toga, stvara se izuzetno penasta kamena struktura. Takva struktura kamena obezbe\u0111uje povr\u0161inu od nekoliko stotina kvadratnih metara za kolonizaciju pozitivnih bakterija korisnih za uklanjanje amonijaka NH3, nitrita NO2 i nitrata NO3.<\/p>\n<p>Pre upotrebe dobro isperite pod mlazom vode da biste uklonili svu pra\u0161inu!<\/p>","protected":false},"featured_media":194,"template":"","meta":[],"product_brand":[],"product_cat":[48],"product_tag":[],"class_list":{"0":"post-213","1":"product","2":"type-product","3":"status-publish","4":"has-post-thumbnail","6":"product_cat-filtration-material","8":"first","9":"instock","10":"shipping-taxable","11":"product-type-variable"},"_links":{"self":[{"href":"https:\/\/lumen-aquatech.com\/sr\/wp-json\/wp\/v2\/product\/213","targetHints":{"allow":["GET"]}}],"collection":[{"href":"https:\/\/lumen-aquatech.com\/sr\/wp-json\/wp\/v2\/product"}],"about":[{"href":"https:\/\/lumen-aquatech.com\/sr\/wp-json\/wp\/v2\/types\/product"}],"wp:featuredmedia":[{"embeddable":true,"href":"https:\/\/lumen-aquatech.com\/sr\/wp-json\/wp\/v2\/media\/194"}],"wp:attachment":[{"href":"https:\/\/lumen-aquatech.com\/sr\/wp-json\/wp\/v2\/media?parent=213"}],"wp:term":[{"taxonomy":"product_brand","embeddable":true,"href":"https:\/\/lumen-aquatech.com\/sr\/wp-json\/wp\/v2\/product_brand?post=213"},{"taxonomy":"product_cat","embeddable":true,"href":"https:\/\/lumen-aquatech.com\/sr\/wp-json\/wp\/v2\/product_cat?post=213"},{"taxonomy":"product_tag","embeddable":true,"href":"https:\/\/lumen-aquatech.com\/sr\/wp-json\/wp\/v2\/product_tag?post=213"}],"curies":[{"name":"wp","href":"https:\/\/api.w.org\/{rel}","templated":true}]}}