{"id":217,"date":"2022-03-23T00:31:25","date_gmt":"2022-03-22T23:31:25","guid":{"rendered":"https:\/\/lumen-aquatech.com\/?post_type=product&#038;p=217"},"modified":"2022-08-22T15:09:42","modified_gmt":"2022-08-22T13:09:42","slug":"masterline-kh-minus","status":"publish","type":"product","link":"https:\/\/lumen-aquatech.com\/sr\/\u043f\u0440\u043e\u0438\u0437\u0432\u043e\u0434\/masterline-kh-minus\/","title":{"rendered":"MasterLine KH Minus"},"content":{"rendered":"<p>Dosage can be repeated on different days until the optimum value is obtained. Slowly apply over 20-30 seconds, where the currents are the strongest, usually 2-3 cm from the filter&#8217;s return.<\/p>\n<p>Za pravilno merenje KH preporu\u010duju se \u010desti testovi.<\/p>\n<p><strong>PA\u017dNJA !!!<\/strong> Nadra\u017euje o\u010di i ko\u017eu. U slu\u010daju kontakta, isperite mesto sve\u017eom vodom. Proizvod dr\u017eati na hladnom mestu, daleko od svetlosti. Protresite bocu pre upotrebe, nemojte piti te je dr\u017eite dalje od dece.<br \/>\nNe koristiti sa dozirnim pumpama.<\/p>\n<p><strong>Doziranje:<\/strong> 1 ml na 10 litara akvarijumske vode smanjuje vrednost KH za otprilike 1 stepen<\/p>\n<h3><strong>Da li ste znali?<\/strong><\/h3>\n<p>Svi MasterLine proizvodi koriste istu dozu:<\/p>\n<ul>\n<li>1 ml \/ 30 litara dnevno, ili<\/li>\n<li>7 ml \/ 30 litara nedeljno<\/li>\n<\/ul>","protected":false},"excerpt":{"rendered":"<p>Master Line KH MINUS optimalna vrednost KH u akvarijumu je 3 stepena, \u0161to omoguc\u0301ava rast biljaka iz vrste Tonina, Eriocaulon i Singonanthus. Ne spu\u0161tajte KH ispod 3 stepena dodavanjem KH MINUS-a. Spu\u0161tanjem KH pH c\u0301e se automatski smanjiti, a CO2 c\u0301e nastati kao rezultat reakcije. PH vrednost c\u0301e se stabilizovati u roku od nekoliko sati.<\/p>\n<p>Ne prelaziti dozu od 2 ml za 10 litara vode u akvarijumu dnevno, \u0161to je jednako smanjenju nivoa KH od 2 stepena.<\/p>\n<p>Smanjivanjem KH, pH \u0107e se automatski smanjiti i CO2 \u0107e biti rezultat reakcije. pH vrednost \u0107e se stabilizovati u roku od nekoliko sati.<\/p>","protected":false},"featured_media":195,"template":"","meta":[],"product_brand":[],"product_cat":[49],"product_tag":[],"class_list":{"0":"post-217","1":"product","2":"type-product","3":"status-publish","4":"has-post-thumbnail","6":"product_cat-aqua-conditioners","8":"first","9":"instock","10":"shipping-taxable","11":"product-type-simple"},"_links":{"self":[{"href":"https:\/\/lumen-aquatech.com\/sr\/wp-json\/wp\/v2\/product\/217","targetHints":{"allow":["GET"]}}],"collection":[{"href":"https:\/\/lumen-aquatech.com\/sr\/wp-json\/wp\/v2\/product"}],"about":[{"href":"https:\/\/lumen-aquatech.com\/sr\/wp-json\/wp\/v2\/types\/product"}],"wp:featuredmedia":[{"embeddable":true,"href":"https:\/\/lumen-aquatech.com\/sr\/wp-json\/wp\/v2\/media\/195"}],"wp:attachment":[{"href":"https:\/\/lumen-aquatech.com\/sr\/wp-json\/wp\/v2\/media?parent=217"}],"wp:term":[{"taxonomy":"product_brand","embeddable":true,"href":"https:\/\/lumen-aquatech.com\/sr\/wp-json\/wp\/v2\/product_brand?post=217"},{"taxonomy":"product_cat","embeddable":true,"href":"https:\/\/lumen-aquatech.com\/sr\/wp-json\/wp\/v2\/product_cat?post=217"},{"taxonomy":"product_tag","embeddable":true,"href":"https:\/\/lumen-aquatech.com\/sr\/wp-json\/wp\/v2\/product_tag?post=217"}],"curies":[{"name":"wp","href":"https:\/\/api.w.org\/{rel}","templated":true}]}}