{"id":526,"date":"2023-10-24T11:13:08","date_gmt":"2023-10-24T09:13:08","guid":{"rendered":"https:\/\/lumen-aquatech.com\/?post_type=product&#038;p=526"},"modified":"2023-10-24T11:14:55","modified_gmt":"2023-10-24T09:14:55","slug":"masterline-ii-macro-200ml","status":"publish","type":"product","link":"https:\/\/lumen-aquatech.com\/sr\/\u043f\u0440\u043e\u0438\u0437\u0432\u043e\u0434\/masterline-ii-macro-200ml\/","title":{"rendered":"MasterLine II Macro (200ml)"},"content":{"rendered":"<p><strong>Sadr\u017eaj:<\/strong> 0.81% N, 0.20% P, 4.8% K, 0.36% Mg<\/p>\n<p>Preporu\u010duje se upotreba MasterLine II zajedno sa MasterLine I i MasterLine Carbo. Tako \u0107e vodene biljke dobiti sve hranljive sastojke neophodne za zdrav rast. Doprinosi prevenciji algi kao \u0161to su GSA, BGA ali i staghorn. Preporu\u010duju se nedeljne promene vode, izme\u0111u 30% i 50%.<\/p>\n<p>Ne unosite u organizam i \u010duvajte van dohvata dece. Dr\u017eite proizvod na hladnom mestu i van dohvata svetlosti.<\/p>\n<p><strong>Doziranje:<\/strong> Na dnevnom nivou 1 ml na 30 litara akvarijumske vode ILI na nedeljnom nivou 7 ml na 30 litara akvarijumske vode.<br \/>\n1 ml za 30 litara dodaje 1,20 ppm NO3, 0,2 ppm PO4, 1,6 ppm K, 0,12 ppm Mg<\/p>\n<p>Proizvedeno u Rumuniji, iz strasti za akvaristikom.<\/p>\n<h3><strong>Da li ste znali?<\/strong><\/h3>\n<p>Svi MasterLine proizvodi koriste istu dozu:<\/p>\n<ul>\n<li>1 ml \/ 30 litara dnevno, ili<\/li>\n<li>7 ml \/ 30 litara nedeljno<\/li>\n<\/ul>","protected":false},"excerpt":{"rendered":"<p>Master Line II - je koncentrisana formula za prehranu akvarijumskih biljaka koja sadr\u017ei makro hranljive sastojke za vodene biljke. Makro hranljivi elementi su veoma va\u017eni za pravilan rast akvarijumskih biljaka. Mnogi makro elementi se mogu na\u0107i u akvarijumu ali u veoma niskim koncentracijama, biljke imaju potrebu za ve\u0107om koli\u010dinom makro elemenata.<\/p>","protected":false},"featured_media":186,"template":"","meta":[],"product_brand":[],"product_cat":[47],"product_tag":[],"class_list":{"0":"post-526","1":"product","2":"type-product","3":"status-publish","4":"has-post-thumbnail","6":"product_cat-fertilizers","8":"first","9":"instock","10":"shipping-taxable","11":"product-type-simple"},"_links":{"self":[{"href":"https:\/\/lumen-aquatech.com\/sr\/wp-json\/wp\/v2\/product\/526","targetHints":{"allow":["GET"]}}],"collection":[{"href":"https:\/\/lumen-aquatech.com\/sr\/wp-json\/wp\/v2\/product"}],"about":[{"href":"https:\/\/lumen-aquatech.com\/sr\/wp-json\/wp\/v2\/types\/product"}],"wp:featuredmedia":[{"embeddable":true,"href":"https:\/\/lumen-aquatech.com\/sr\/wp-json\/wp\/v2\/media\/186"}],"wp:attachment":[{"href":"https:\/\/lumen-aquatech.com\/sr\/wp-json\/wp\/v2\/media?parent=526"}],"wp:term":[{"taxonomy":"product_brand","embeddable":true,"href":"https:\/\/lumen-aquatech.com\/sr\/wp-json\/wp\/v2\/product_brand?post=526"},{"taxonomy":"product_cat","embeddable":true,"href":"https:\/\/lumen-aquatech.com\/sr\/wp-json\/wp\/v2\/product_cat?post=526"},{"taxonomy":"product_tag","embeddable":true,"href":"https:\/\/lumen-aquatech.com\/sr\/wp-json\/wp\/v2\/product_tag?post=526"}],"curies":[{"name":"wp","href":"https:\/\/api.w.org\/{rel}","templated":true}]}}